{"id":1791,"date":"2018-11-14T19:34:45","date_gmt":"2018-11-14T18:34:45","guid":{"rendered":"http:\/\/testovanie.balonovekytice.sk\/?page_id=1791"},"modified":"2020-01-23T20:00:05","modified_gmt":"2020-01-23T19:00:05","slug":"e-learning","status":"publish","type":"page","link":"https:\/\/www.european-institute.cz\/en\/e-learning\/","title":{"rendered":"E-LEARNING"},"content":{"rendered":"<div class=\"vc_row wpb_row vc_row-fluid\"><div class=\"wpb_column vc_column_container vc_col-sm-12\"><div class=\"vc_column-inner\"><div class=\"wpb_wrapper\">\n\t<div class=\"wpb_text_column wpb_content_element  vc_custom_1548166303361\" >\n\t\t<div class=\"wpb_wrapper\">\n\t\t\t<h1 style=\"text-align: center;\"><strong>E-LEARNING<\/strong><\/h1>\n<p>&nbsp;<\/p>\n<p>E-learningov\u00fd syst\u00e9m <strong>iEDUCATION<\/strong>, neboli studentsk\u00e1 sekce, je vzd\u011bl\u00e1vac\u00ed platforma, kterou jsme vyvinuli speci\u00e1ln\u011b pro studenty EUROPEAN INSTITUTE. Intuitivn\u00ed ovl\u00e1d\u00e1n\u00ed, prakti\u010dnost a spolehlivost usnad\u0148uje samotn\u00e9 vzd\u011bl\u00e1v\u00e1n\u00ed a zaji\u0161\u0165uje bezprobl\u00e9mov\u00fd pr\u016fb\u011bh studia. Studenti se do sekce mohou p\u0159ipojit kdykoliv dle sv\u00fdch \u010dasov\u00fdch mo\u017enost\u00ed a odkudkoliv.<\/p>\n<div id=\"um-admin-form-shortcode\" class=\"postbox\">\n<div class=\"inside\">\n<div class=\"um-admin-metabox\"><\/div>\n<\/div>\n<\/div>\n\n\t\t<\/div>\n\t<\/div>\n<\/div><\/div><\/div><\/div><div class=\"vc_row wpb_row vc_row-fluid\"><div class=\"wpb_column vc_column_container vc_col-sm-12\"><div class=\"vc_column-inner\"><div class=\"wpb_wrapper\">\n\t<div class=\"wpb_text_column wpb_content_element\" >\n\t\t<div class=\"wpb_wrapper\">\n\t\t\t<h3 style=\"text-align: center;\">E-learningov\u00fd syst\u00e9m zahrnuje:<\/h3>\n<ul>\n<li style=\"text-align: center;\">podporu od studijn\u00edho odd\u011blen\u00ed a lektor\u016f;<\/li>\n<li style=\"text-align: center;\">harmonogram cel\u00e9ho studia a d\u016fle\u017eit\u00e1 data kon\u00e1n\u00ed semin\u00e1\u0159\u016f, odevzd\u00e1v\u00e1n\u00ed jednotliv\u00fdch prac\u00ed;<\/li>\n<li style=\"text-align: center;\">studijn\u00ed materi\u00e1ly ke ka\u017ed\u00e9mu modulu;<\/li>\n<li style=\"text-align: center;\">informa\u010dn\u00ed dokumenty ke studiu;<\/li>\n<li style=\"text-align: center;\">materi\u00e1ly a pokyny k psan\u00ed semin\u00e1rn\u00edch prac\u00ed;<\/li>\n<li style=\"text-align: center;\">materi\u00e1ly a pokyny k psan\u00ed z\u00e1v\u011bre\u010dn\u00e9 pr\u00e1ce;<\/li>\n<li style=\"text-align: center;\">a mnoho dal\u0161\u00edho.<\/li>\n<\/ul>\n<p>&nbsp;<\/p>\n<h2 style=\"text-align: center;\"><a href=\"https:\/\/www.european-institute.cz\/elearning\/index.php\/login\">PRIHL\u00c1SI\u0164 SA DO SYST\u00c9MU<\/a><\/h2>\n<p>&nbsp;<\/p>\n<p>Prost\u0159ednictv\u00edm studentsk\u00e9 sekce odevzd\u00e1vaj\u00ed studenti sv\u00e9 semin\u00e1rn\u00ed a z\u00e1v\u011bre\u010dn\u00e9 pr\u00e1ce, hl\u00e1s\u00ed se na v\u00fduku a z\u00edsk\u00e1vaj\u00ed studijn\u00ed materi\u00e1ly. Sekce slou\u017e\u00ed t\u00e9\u017e jako komunika\u010dn\u00ed n\u00e1stroj s lektory a studijn\u00edm odd\u011blen\u00edm. Je dostupn\u00e1 online, jak na klasick\u00fdch PC, tak i tabletech a chytr\u00fdch mobiln\u00edch telefonech. Sekce poskytuje jednodu\u0161e ovladateln\u00e9 a bezpe\u010dn\u00e9 prost\u0159ed\u00ed pro vzd\u011bl\u00e1v\u00e1n\u00ed, spolupr\u00e1ci a komunikaci.<\/p>\n\n\t\t<\/div>\n\t<\/div>\n<\/div><\/div><\/div><\/div>","protected":false},"excerpt":{"rendered":"E-LEARNING &nbsp; E-learningov\u00fd syst\u00e9m iEDUCATION, neboli studentsk\u00e1 sekce, je vzd\u011bl\u00e1vac\u00ed platforma, kterou jsme vyvinuli speci\u00e1ln\u011b pro studenty EUROPEAN INSTITUTE. Intuitivn\u00ed ovl\u00e1d\u00e1n\u00ed, prakti\u010dnost a spolehlivost usnad\u0148uje samotn\u00e9 vzd\u011bl\u00e1v\u00e1n\u00ed a zaji\u0161\u0165uje bezprobl\u00e9mov\u00fd pr\u016fb\u011bh studia. Studenti se do sekce mohou p\u0159ipojit kdykoliv dle ...","protected":false},"author":1,"featured_media":0,"parent":0,"menu_order":0,"comment_status":"closed","ping_status":"closed","template":"","meta":{"footnotes":""},"class_list":["post-1791","page","type-page","status-publish","hentry"],"yoast_head":"<!-- This site is optimized with the Yoast SEO plugin v24.7 - https:\/\/yoast.com\/wordpress\/plugins\/seo\/ -->\n<title>E-LEARNING - EUROPEAN INSTITUTE<\/title>\n<meta name=\"robots\" content=\"index, follow, max-snippet:-1, max-image-preview:large, max-video-preview:-1\" \/>\n<link rel=\"canonical\" href=\"https:\/\/www.european-institute.cz\/en\/e-learning\/\" \/>\n<meta property=\"og:locale\" content=\"en_GB\" \/>\n<meta property=\"og:type\" content=\"article\" \/>\n<meta property=\"og:title\" content=\"E-LEARNING - EUROPEAN INSTITUTE\" \/>\n<meta property=\"og:url\" content=\"https:\/\/www.european-institute.cz\/en\/e-learning\/\" \/>\n<meta property=\"og:site_name\" content=\"EUROPEAN INSTITUTE\" \/>\n<meta property=\"article:modified_time\" content=\"2020-01-23T19:00:05+00:00\" \/>\n<meta name=\"twitter:card\" content=\"summary_large_image\" \/>\n<meta name=\"twitter:label1\" content=\"Estimated reading time\" \/>\n\t<meta name=\"twitter:data1\" content=\"1 minute\" \/>\n<script type=\"application\/ld+json\" class=\"yoast-schema-graph\">{\"@context\":\"https:\/\/schema.org\",\"@graph\":[{\"@type\":\"WebPage\",\"@id\":\"https:\/\/www.european-institute.cz\/e-learning\/\",\"url\":\"https:\/\/www.european-institute.cz\/e-learning\/\",\"name\":\"E-LEARNING - EUROPEAN INSTITUTE\",\"isPartOf\":{\"@id\":\"https:\/\/www.european-institute.cz\/#website\"},\"datePublished\":\"2018-11-14T18:34:45+00:00\",\"dateModified\":\"2020-01-23T19:00:05+00:00\",\"breadcrumb\":{\"@id\":\"https:\/\/www.european-institute.cz\/e-learning\/#breadcrumb\"},\"inLanguage\":\"en-GB\",\"potentialAction\":[{\"@type\":\"ReadAction\",\"target\":[\"https:\/\/www.european-institute.cz\/e-learning\/\"]}]},{\"@type\":\"BreadcrumbList\",\"@id\":\"https:\/\/www.european-institute.cz\/e-learning\/#breadcrumb\",\"itemListElement\":[{\"@type\":\"ListItem\",\"position\":1,\"name\":\"Dom\u016f\",\"item\":\"https:\/\/www.european-institute.cz\/\"},{\"@type\":\"ListItem\",\"position\":2,\"name\":\"E-LEARNING\"}]},{\"@type\":\"WebSite\",\"@id\":\"https:\/\/www.european-institute.cz\/#website\",\"url\":\"https:\/\/www.european-institute.cz\/\",\"name\":\"EUROPEAN INSTITUTE\",\"description\":\"\",\"potentialAction\":[{\"@type\":\"SearchAction\",\"target\":{\"@type\":\"EntryPoint\",\"urlTemplate\":\"https:\/\/www.european-institute.cz\/?s={search_term_string}\"},\"query-input\":{\"@type\":\"PropertyValueSpecification\",\"valueRequired\":true,\"valueName\":\"search_term_string\"}}],\"inLanguage\":\"en-GB\"}]}<\/script>\n<!-- \/ Yoast SEO plugin. -->","yoast_head_json":{"title":"E-LEARNING - EUROPEAN INSTITUTE","robots":{"index":"index","follow":"follow","max-snippet":"max-snippet:-1","max-image-preview":"max-image-preview:large","max-video-preview":"max-video-preview:-1"},"canonical":"https:\/\/www.european-institute.cz\/en\/e-learning\/","og_locale":"en_GB","og_type":"article","og_title":"E-LEARNING - EUROPEAN INSTITUTE","og_url":"https:\/\/www.european-institute.cz\/en\/e-learning\/","og_site_name":"EUROPEAN INSTITUTE","article_modified_time":"2020-01-23T19:00:05+00:00","twitter_card":"summary_large_image","twitter_misc":{"Estimated reading time":"1 minute"},"schema":{"@context":"https:\/\/schema.org","@graph":[{"@type":"WebPage","@id":"https:\/\/www.european-institute.cz\/e-learning\/","url":"https:\/\/www.european-institute.cz\/e-learning\/","name":"E-LEARNING - EUROPEAN INSTITUTE","isPartOf":{"@id":"https:\/\/www.european-institute.cz\/#website"},"datePublished":"2018-11-14T18:34:45+00:00","dateModified":"2020-01-23T19:00:05+00:00","breadcrumb":{"@id":"https:\/\/www.european-institute.cz\/e-learning\/#breadcrumb"},"inLanguage":"en-GB","potentialAction":[{"@type":"ReadAction","target":["https:\/\/www.european-institute.cz\/e-learning\/"]}]},{"@type":"BreadcrumbList","@id":"https:\/\/www.european-institute.cz\/e-learning\/#breadcrumb","itemListElement":[{"@type":"ListItem","position":1,"name":"Dom\u016f","item":"https:\/\/www.european-institute.cz\/"},{"@type":"ListItem","position":2,"name":"E-LEARNING"}]},{"@type":"WebSite","@id":"https:\/\/www.european-institute.cz\/#website","url":"https:\/\/www.european-institute.cz\/","name":"EUROPEAN INSTITUTE","description":"","potentialAction":[{"@type":"SearchAction","target":{"@type":"EntryPoint","urlTemplate":"https:\/\/www.european-institute.cz\/?s={search_term_string}"},"query-input":{"@type":"PropertyValueSpecification","valueRequired":true,"valueName":"search_term_string"}}],"inLanguage":"en-GB"}]}},"_links":{"self":[{"href":"https:\/\/www.european-institute.cz\/en\/wp-json\/wp\/v2\/pages\/1791","targetHints":{"allow":["GET"]}}],"collection":[{"href":"https:\/\/www.european-institute.cz\/en\/wp-json\/wp\/v2\/pages"}],"about":[{"href":"https:\/\/www.european-institute.cz\/en\/wp-json\/wp\/v2\/types\/page"}],"author":[{"embeddable":true,"href":"https:\/\/www.european-institute.cz\/en\/wp-json\/wp\/v2\/users\/1"}],"replies":[{"embeddable":true,"href":"https:\/\/www.european-institute.cz\/en\/wp-json\/wp\/v2\/comments?post=1791"}],"version-history":[{"count":11,"href":"https:\/\/www.european-institute.cz\/en\/wp-json\/wp\/v2\/pages\/1791\/revisions"}],"predecessor-version":[{"id":3021,"href":"https:\/\/www.european-institute.cz\/en\/wp-json\/wp\/v2\/pages\/1791\/revisions\/3021"}],"wp:attachment":[{"href":"https:\/\/www.european-institute.cz\/en\/wp-json\/wp\/v2\/media?parent=1791"}],"curies":[{"name":"wp","href":"https:\/\/api.w.org\/{rel}","templated":true}]}}