{"id":1875,"date":"2018-11-15T03:45:54","date_gmt":"2018-11-15T02:45:54","guid":{"rendered":"http:\/\/testovanie.balonovekytice.sk\/?page_id=1875"},"modified":"2018-11-15T03:45:54","modified_gmt":"2018-11-15T02:45:54","slug":"test-prihlasky","status":"publish","type":"page","link":"https:\/\/www.european-institute.cz\/en\/test-prihlasky\/","title":{"rendered":"Test prihl\u00e1\u0161ky"},"content":{"rendered":"<div class=\"vc_row wpb_row vc_row-fluid vc_custom_1539961299005\"><div class=\"wpb_column vc_column_container vc_col-sm-12\"><div class=\"vc_column-inner vc_custom_1491551362337\"><div class=\"wpb_wrapper\"><h3 style=\"font-size: 24px;line-height: 1em;text-align: left\" class=\"vc_custom_heading vc_custom_1542249752934\" >Kontaktn\u00ed formul\u00e1\u0159<\/h3>[contact-form-7 404 \"Not Found\"]<\/div><\/div><\/div><\/div><div class=\"vc_row wpb_row vc_row-fluid vc_custom_1539961299005\"><div class=\"wpb_column vc_column_container vc_col-sm-12\"><div class=\"vc_column-inner vc_custom_1491551362337\"><div class=\"wpb_wrapper\"><h3 style=\"font-size: 24px;line-height: 1em;text-align: left\" class=\"vc_custom_heading vc_custom_1542249752934\" >Kontaktn\u00ed formul\u00e1\u0159<\/h3>[contact-form-7 404 \"Not Found\"]<\/div><\/div><\/div><\/div>","protected":false},"excerpt":{"rendered":"Kontaktn\u00ed formul\u00e1\u0159[contact-form-7 404 \"Not Found\"]Kontaktn\u00ed formul\u00e1\u0159[contact-form-7 404 \"Not Found\"]","protected":false},"author":1,"featured_media":0,"parent":0,"menu_order":0,"comment_status":"closed","ping_status":"closed","template":"","meta":{"footnotes":""},"class_list":["post-1875","page","type-page","status-publish","hentry"],"yoast_head":"<!-- This site is optimized with the Yoast SEO plugin v24.7 - https:\/\/yoast.com\/wordpress\/plugins\/seo\/ -->\n<title>Test prihl\u00e1\u0161ky - EUROPEAN INSTITUTE<\/title>\n<meta name=\"robots\" content=\"index, follow, max-snippet:-1, max-image-preview:large, max-video-preview:-1\" \/>\n<link rel=\"canonical\" href=\"https:\/\/www.european-institute.cz\/en\/test-prihlasky\/\" \/>\n<meta property=\"og:locale\" content=\"en_GB\" \/>\n<meta property=\"og:type\" content=\"article\" \/>\n<meta property=\"og:title\" content=\"Test prihl\u00e1\u0161ky - EUROPEAN INSTITUTE\" \/>\n<meta property=\"og:url\" content=\"https:\/\/www.european-institute.cz\/en\/test-prihlasky\/\" \/>\n<meta property=\"og:site_name\" content=\"EUROPEAN INSTITUTE\" \/>\n<meta name=\"twitter:card\" content=\"summary_large_image\" \/>\n<meta name=\"twitter:label1\" content=\"Estimated reading time\" \/>\n\t<meta name=\"twitter:data1\" content=\"1 minute\" \/>\n<script type=\"application\/ld+json\" class=\"yoast-schema-graph\">{\"@context\":\"https:\/\/schema.org\",\"@graph\":[{\"@type\":\"WebPage\",\"@id\":\"https:\/\/www.european-institute.cz\/test-prihlasky\/\",\"url\":\"https:\/\/www.european-institute.cz\/test-prihlasky\/\",\"name\":\"Test prihl\u00e1\u0161ky - EUROPEAN INSTITUTE\",\"isPartOf\":{\"@id\":\"https:\/\/www.european-institute.cz\/#website\"},\"datePublished\":\"2018-11-15T02:45:54+00:00\",\"breadcrumb\":{\"@id\":\"https:\/\/www.european-institute.cz\/test-prihlasky\/#breadcrumb\"},\"inLanguage\":\"en-GB\",\"potentialAction\":[{\"@type\":\"ReadAction\",\"target\":[\"https:\/\/www.european-institute.cz\/test-prihlasky\/\"]}]},{\"@type\":\"BreadcrumbList\",\"@id\":\"https:\/\/www.european-institute.cz\/test-prihlasky\/#breadcrumb\",\"itemListElement\":[{\"@type\":\"ListItem\",\"position\":1,\"name\":\"Dom\u016f\",\"item\":\"https:\/\/www.european-institute.cz\/\"},{\"@type\":\"ListItem\",\"position\":2,\"name\":\"Test prihl\u00e1\u0161ky\"}]},{\"@type\":\"WebSite\",\"@id\":\"https:\/\/www.european-institute.cz\/#website\",\"url\":\"https:\/\/www.european-institute.cz\/\",\"name\":\"EUROPEAN INSTITUTE\",\"description\":\"\",\"potentialAction\":[{\"@type\":\"SearchAction\",\"target\":{\"@type\":\"EntryPoint\",\"urlTemplate\":\"https:\/\/www.european-institute.cz\/?s={search_term_string}\"},\"query-input\":{\"@type\":\"PropertyValueSpecification\",\"valueRequired\":true,\"valueName\":\"search_term_string\"}}],\"inLanguage\":\"en-GB\"}]}<\/script>\n<!-- \/ Yoast SEO plugin. -->","yoast_head_json":{"title":"Test prihl\u00e1\u0161ky - EUROPEAN INSTITUTE","robots":{"index":"index","follow":"follow","max-snippet":"max-snippet:-1","max-image-preview":"max-image-preview:large","max-video-preview":"max-video-preview:-1"},"canonical":"https:\/\/www.european-institute.cz\/en\/test-prihlasky\/","og_locale":"en_GB","og_type":"article","og_title":"Test prihl\u00e1\u0161ky - EUROPEAN INSTITUTE","og_url":"https:\/\/www.european-institute.cz\/en\/test-prihlasky\/","og_site_name":"EUROPEAN INSTITUTE","twitter_card":"summary_large_image","twitter_misc":{"Estimated reading time":"1 minute"},"schema":{"@context":"https:\/\/schema.org","@graph":[{"@type":"WebPage","@id":"https:\/\/www.european-institute.cz\/test-prihlasky\/","url":"https:\/\/www.european-institute.cz\/test-prihlasky\/","name":"Test prihl\u00e1\u0161ky - EUROPEAN INSTITUTE","isPartOf":{"@id":"https:\/\/www.european-institute.cz\/#website"},"datePublished":"2018-11-15T02:45:54+00:00","breadcrumb":{"@id":"https:\/\/www.european-institute.cz\/test-prihlasky\/#breadcrumb"},"inLanguage":"en-GB","potentialAction":[{"@type":"ReadAction","target":["https:\/\/www.european-institute.cz\/test-prihlasky\/"]}]},{"@type":"BreadcrumbList","@id":"https:\/\/www.european-institute.cz\/test-prihlasky\/#breadcrumb","itemListElement":[{"@type":"ListItem","position":1,"name":"Dom\u016f","item":"https:\/\/www.european-institute.cz\/"},{"@type":"ListItem","position":2,"name":"Test prihl\u00e1\u0161ky"}]},{"@type":"WebSite","@id":"https:\/\/www.european-institute.cz\/#website","url":"https:\/\/www.european-institute.cz\/","name":"EUROPEAN INSTITUTE","description":"","potentialAction":[{"@type":"SearchAction","target":{"@type":"EntryPoint","urlTemplate":"https:\/\/www.european-institute.cz\/?s={search_term_string}"},"query-input":{"@type":"PropertyValueSpecification","valueRequired":true,"valueName":"search_term_string"}}],"inLanguage":"en-GB"}]}},"_links":{"self":[{"href":"https:\/\/www.european-institute.cz\/en\/wp-json\/wp\/v2\/pages\/1875","targetHints":{"allow":["GET"]}}],"collection":[{"href":"https:\/\/www.european-institute.cz\/en\/wp-json\/wp\/v2\/pages"}],"about":[{"href":"https:\/\/www.european-institute.cz\/en\/wp-json\/wp\/v2\/types\/page"}],"author":[{"embeddable":true,"href":"https:\/\/www.european-institute.cz\/en\/wp-json\/wp\/v2\/users\/1"}],"replies":[{"embeddable":true,"href":"https:\/\/www.european-institute.cz\/en\/wp-json\/wp\/v2\/comments?post=1875"}],"version-history":[{"count":0,"href":"https:\/\/www.european-institute.cz\/en\/wp-json\/wp\/v2\/pages\/1875\/revisions"}],"wp:attachment":[{"href":"https:\/\/www.european-institute.cz\/en\/wp-json\/wp\/v2\/media?parent=1875"}],"curies":[{"name":"wp","href":"https:\/\/api.w.org\/{rel}","templated":true}]}}