{"id":2227,"date":"2019-01-22T17:08:13","date_gmt":"2019-01-22T16:08:13","guid":{"rendered":"https:\/\/www.european-institute.cz\/?page_id=2227"},"modified":"2019-01-22T19:22:41","modified_gmt":"2019-01-22T18:22:41","slug":"bozp-bezpecnost-a-ochrana-zdravi-pri-praci","status":"publish","type":"page","link":"https:\/\/www.european-institute.cz\/en\/specializovane-kurzy\/bozp-bezpecnost-a-ochrana-zdravi-pri-praci\/","title":{"rendered":"BOZP \u2013 bezpe\u010dnost a ochrana zdrav\u00ed p\u0159i pr\u00e1ci"},"content":{"rendered":"<div class=\"vc_row wpb_row vc_row-fluid vc_custom_1548029814810\"><div class=\"wpb_column vc_column_container vc_col-sm-2\"><div class=\"vc_column-inner\"><div class=\"wpb_wrapper\"><\/div><\/div><\/div><div class=\"wpb_column vc_column_container vc_col-sm-8\"><div class=\"vc_column-inner\"><div class=\"wpb_wrapper\">\n\t<div class=\"wpb_text_column wpb_content_element\" >\n\t\t<div class=\"wpb_wrapper\">\n\t\t\t<div class=\"wpb_text_column wpb_content_element\">\n<div class=\"wpb_wrapper\">\n<h2 style=\"text-align: center;\"><span style=\"color: #2a77bb;\"><b>BOZP \u2013 bezpe\u010dnost a ochrana zdrav\u00ed p\u0159i pr\u00e1ci<\/b><\/span><\/h2>\n<\/div>\n<\/div>\n\n\t\t<\/div>\n\t<\/div>\n\n\t<div class=\"wpb_text_column wpb_content_element  vc_custom_1548181359324\" >\n\t\t<div class=\"wpb_wrapper\">\n\t\t\t<div class=\"wpb_text_column wpb_content_element\">\n<div class=\"wpb_wrapper\">\n<p><span style=\"font-weight: 400;\">C\u00edlem \u0161kolen\u00ed je zajistit vedouc\u00edm pracovn\u00edk\u016fm pot\u0159ebn\u00e9 znalosti k zaji\u0161\u0165ov\u00e1n\u00ed BOZP ve firm\u011b, podrobn\u00fdm v\u00fd\u010dtem povinnost\u00ed v oblasti BOZP a jejich pr\u00e1vn\u00ed anal\u00fdzou. D\u00e1le pak p\u016fsobnost st\u00e1tn\u00edho odborn\u00e9ho dozoru ve vztahu na osoby pr\u00e1vnick\u00e9 i fyzick\u00e9 prov\u00e1d\u011bj\u00edc\u00ed podnikatelskou \u010dinnost v oblasti BOZP.<\/span><\/p>\n<p><span style=\"font-weight: 400;\">P\u0159edn\u00e1\u0161ej\u00edc\u00ed \u00a0Bc. Petr Mac\u00e1k \u010dlen \u010cKDS, kter\u00fd m\u00e1 opakovanou odbornost potvrzenou certifika\u010dn\u00edm org\u00e1nem: \u201e Osoby odborn\u011b zp\u016fsobil\u00e9 v prevenci rizik a koordin\u00e1tora BOZP na staveni\u0161ti\u201c, se pod\u011bl\u00ed s p\u0159\u00edtomn\u00fdmi o teoretick\u00e9 i praktick\u00e9 zku\u0161enosti v jeho extern\u00edm zaji\u0161\u0165ov\u00e1n\u00ed BOZP, v mnoha n\u00e1rodn\u00edch i nadn\u00e1rodn\u00edch spole\u010dnostech \/\u010cEZ, \u010cEPRO,VAE, EBSTER, ELEKTROPROF, UNIMEX, M\u011aSTSK\u00dd \u00da\u0158AD, M\u011aSTSK\u00c1 POLICIE, A DAL\u0160\u00cd\u2026.<\/span><\/p>\n<p><span style=\"font-weight: 400;\">Zam\u011bstnavatel\u00e9 nejv\u00fd\u0161e do 25 zam\u011bstnanc\u016f a OSV\u010c si ve vlastn\u00edm z\u00e1jmu p\u0159inesou knihu \u00daZ \/\u00fapln\u00e9 zn\u011bn\u00ed p\u0159edpis\u016f\/ Bezpe\u010dnost a ochrana zdrav\u00ed p\u0159i pr\u00e1ci, Nakladatelstv\u00ed Sagit a.s.<\/span><\/p>\n<p><span style=\"font-weight: 400;\">Tito \u00fa\u010dastn\u00edci obdr\u017e\u00ed po ukon\u010den\u00ed p\u0159edn\u00e1\u0161ky a z\u00e1v\u011bre\u010dn\u00e9m testu k ov\u011b\u0159en\u00ed z\u00edskan\u00fdch znalost\u00ed OSV\u011aD\u010cEN\u00cd, kter\u00e9 jim potvrd\u00ed, \u017ee mohou dle \u00a7 9 odst. 3, p\u00edsm. a) z\u00e1kona \u010d. 309\/2006 Sb., zaji\u0161\u0165ovat \u00fakoly v prevenci rizik samostatn\u011b, nebo\u0165 z\u00edskali pot\u0159ebn\u00e9 znalosti \u0161kolen\u00edm od osoby odborn\u011b zp\u016fsobil\u00e9 v prevenci rizik.<\/span><\/p>\n<p><strong>Pozn\u00e1mka:<\/strong><\/p>\n<p><span style=\"font-weight: 400;\">\u00da\u010dastn\u00edci \u0161kolen\u00ed si zakoup\u00ed a p\u0159inesou na \u0161kolen\u00ed literaturu s n\u00e1zvem \u00daZ \/ \u00fapln\u00e9 zn\u011bn\u00ed s n\u00e1zvem: \u201cBezpe\u010dnost a ochrana zdrav\u00ed p\u0159i pr\u00e1ci\u201d \u010d\u00edslo 1028, najdete \u2013 www.bozp.sagit.cz<\/span><\/p>\n<h3><span style=\"font-weight: 400;\">Cena: <\/span>\u00a0<strong>1.000 K\u010d<\/strong><\/h3>\n<\/div>\n<\/div>\n\n\t\t<\/div>\n\t<\/div>\n<\/div><\/div><\/div><div class=\"wpb_column vc_column_container vc_col-sm-2\"><div class=\"vc_column-inner\"><div class=\"wpb_wrapper\"><\/div><\/div><\/div><\/div>","protected":false},"excerpt":{"rendered":"BOZP \u2013 bezpe\u010dnost a ochrana zdrav\u00ed p\u0159i pr\u00e1ci C\u00edlem \u0161kolen\u00ed je zajistit vedouc\u00edm pracovn\u00edk\u016fm pot\u0159ebn\u00e9 znalosti k zaji\u0161\u0165ov\u00e1n\u00ed BOZP ve firm\u011b, podrobn\u00fdm v\u00fd\u010dtem povinnost\u00ed v oblasti BOZP a jejich pr\u00e1vn\u00ed anal\u00fdzou. D\u00e1le pak p\u016fsobnost st\u00e1tn\u00edho odborn\u00e9ho dozoru ve vztahu na ...","protected":false},"author":1,"featured_media":0,"parent":2201,"menu_order":0,"comment_status":"closed","ping_status":"closed","template":"","meta":{"footnotes":""},"class_list":["post-2227","page","type-page","status-publish","hentry"],"yoast_head":"<!-- This site is optimized with the Yoast SEO plugin v24.7 - https:\/\/yoast.com\/wordpress\/plugins\/seo\/ -->\n<title>BOZP \u2013 bezpe\u010dnost a ochrana zdrav\u00ed p\u0159i pr\u00e1ci - EUROPEAN INSTITUTE<\/title>\n<meta name=\"robots\" content=\"index, follow, max-snippet:-1, max-image-preview:large, max-video-preview:-1\" \/>\n<link rel=\"canonical\" href=\"https:\/\/www.european-institute.cz\/en\/specializovane-kurzy\/bozp-bezpecnost-a-ochrana-zdravi-pri-praci\/\" \/>\n<meta property=\"og:locale\" content=\"en_GB\" \/>\n<meta property=\"og:type\" content=\"article\" \/>\n<meta property=\"og:title\" content=\"BOZP \u2013 bezpe\u010dnost a ochrana zdrav\u00ed p\u0159i pr\u00e1ci - EUROPEAN INSTITUTE\" \/>\n<meta property=\"og:url\" content=\"https:\/\/www.european-institute.cz\/en\/specializovane-kurzy\/bozp-bezpecnost-a-ochrana-zdravi-pri-praci\/\" \/>\n<meta property=\"og:site_name\" content=\"EUROPEAN INSTITUTE\" \/>\n<meta property=\"article:modified_time\" content=\"2019-01-22T18:22:41+00:00\" \/>\n<meta name=\"twitter:card\" content=\"summary_large_image\" \/>\n<meta name=\"twitter:label1\" content=\"Estimated reading time\" \/>\n\t<meta name=\"twitter:data1\" content=\"2 minutes\" \/>\n<script type=\"application\/ld+json\" class=\"yoast-schema-graph\">{\"@context\":\"https:\/\/schema.org\",\"@graph\":[{\"@type\":\"WebPage\",\"@id\":\"https:\/\/www.european-institute.cz\/specializovane-kurzy\/bozp-bezpecnost-a-ochrana-zdravi-pri-praci\/\",\"url\":\"https:\/\/www.european-institute.cz\/specializovane-kurzy\/bozp-bezpecnost-a-ochrana-zdravi-pri-praci\/\",\"name\":\"BOZP \u2013 bezpe\u010dnost a ochrana zdrav\u00ed p\u0159i pr\u00e1ci - EUROPEAN INSTITUTE\",\"isPartOf\":{\"@id\":\"https:\/\/www.european-institute.cz\/#website\"},\"datePublished\":\"2019-01-22T16:08:13+00:00\",\"dateModified\":\"2019-01-22T18:22:41+00:00\",\"breadcrumb\":{\"@id\":\"https:\/\/www.european-institute.cz\/specializovane-kurzy\/bozp-bezpecnost-a-ochrana-zdravi-pri-praci\/#breadcrumb\"},\"inLanguage\":\"en-GB\",\"potentialAction\":[{\"@type\":\"ReadAction\",\"target\":[\"https:\/\/www.european-institute.cz\/specializovane-kurzy\/bozp-bezpecnost-a-ochrana-zdravi-pri-praci\/\"]}]},{\"@type\":\"BreadcrumbList\",\"@id\":\"https:\/\/www.european-institute.cz\/specializovane-kurzy\/bozp-bezpecnost-a-ochrana-zdravi-pri-praci\/#breadcrumb\",\"itemListElement\":[{\"@type\":\"ListItem\",\"position\":1,\"name\":\"Dom\u016f\",\"item\":\"https:\/\/www.european-institute.cz\/\"},{\"@type\":\"ListItem\",\"position\":2,\"name\":\"Specializovan\u00e9 kurzy\",\"item\":\"https:\/\/www.european-institute.cz\/specializovane-kurzy\/\"},{\"@type\":\"ListItem\",\"position\":3,\"name\":\"BOZP \u2013 bezpe\u010dnost a ochrana zdrav\u00ed p\u0159i pr\u00e1ci\"}]},{\"@type\":\"WebSite\",\"@id\":\"https:\/\/www.european-institute.cz\/#website\",\"url\":\"https:\/\/www.european-institute.cz\/\",\"name\":\"EUROPEAN INSTITUTE\",\"description\":\"\",\"potentialAction\":[{\"@type\":\"SearchAction\",\"target\":{\"@type\":\"EntryPoint\",\"urlTemplate\":\"https:\/\/www.european-institute.cz\/?s={search_term_string}\"},\"query-input\":{\"@type\":\"PropertyValueSpecification\",\"valueRequired\":true,\"valueName\":\"search_term_string\"}}],\"inLanguage\":\"en-GB\"}]}<\/script>\n<!-- \/ Yoast SEO plugin. -->","yoast_head_json":{"title":"BOZP \u2013 bezpe\u010dnost a ochrana zdrav\u00ed p\u0159i pr\u00e1ci - EUROPEAN INSTITUTE","robots":{"index":"index","follow":"follow","max-snippet":"max-snippet:-1","max-image-preview":"max-image-preview:large","max-video-preview":"max-video-preview:-1"},"canonical":"https:\/\/www.european-institute.cz\/en\/specializovane-kurzy\/bozp-bezpecnost-a-ochrana-zdravi-pri-praci\/","og_locale":"en_GB","og_type":"article","og_title":"BOZP \u2013 bezpe\u010dnost a ochrana zdrav\u00ed p\u0159i pr\u00e1ci - EUROPEAN INSTITUTE","og_url":"https:\/\/www.european-institute.cz\/en\/specializovane-kurzy\/bozp-bezpecnost-a-ochrana-zdravi-pri-praci\/","og_site_name":"EUROPEAN INSTITUTE","article_modified_time":"2019-01-22T18:22:41+00:00","twitter_card":"summary_large_image","twitter_misc":{"Estimated reading time":"2 minutes"},"schema":{"@context":"https:\/\/schema.org","@graph":[{"@type":"WebPage","@id":"https:\/\/www.european-institute.cz\/specializovane-kurzy\/bozp-bezpecnost-a-ochrana-zdravi-pri-praci\/","url":"https:\/\/www.european-institute.cz\/specializovane-kurzy\/bozp-bezpecnost-a-ochrana-zdravi-pri-praci\/","name":"BOZP \u2013 bezpe\u010dnost a ochrana zdrav\u00ed p\u0159i pr\u00e1ci - EUROPEAN INSTITUTE","isPartOf":{"@id":"https:\/\/www.european-institute.cz\/#website"},"datePublished":"2019-01-22T16:08:13+00:00","dateModified":"2019-01-22T18:22:41+00:00","breadcrumb":{"@id":"https:\/\/www.european-institute.cz\/specializovane-kurzy\/bozp-bezpecnost-a-ochrana-zdravi-pri-praci\/#breadcrumb"},"inLanguage":"en-GB","potentialAction":[{"@type":"ReadAction","target":["https:\/\/www.european-institute.cz\/specializovane-kurzy\/bozp-bezpecnost-a-ochrana-zdravi-pri-praci\/"]}]},{"@type":"BreadcrumbList","@id":"https:\/\/www.european-institute.cz\/specializovane-kurzy\/bozp-bezpecnost-a-ochrana-zdravi-pri-praci\/#breadcrumb","itemListElement":[{"@type":"ListItem","position":1,"name":"Dom\u016f","item":"https:\/\/www.european-institute.cz\/"},{"@type":"ListItem","position":2,"name":"Specializovan\u00e9 kurzy","item":"https:\/\/www.european-institute.cz\/specializovane-kurzy\/"},{"@type":"ListItem","position":3,"name":"BOZP \u2013 bezpe\u010dnost a ochrana zdrav\u00ed p\u0159i pr\u00e1ci"}]},{"@type":"WebSite","@id":"https:\/\/www.european-institute.cz\/#website","url":"https:\/\/www.european-institute.cz\/","name":"EUROPEAN INSTITUTE","description":"","potentialAction":[{"@type":"SearchAction","target":{"@type":"EntryPoint","urlTemplate":"https:\/\/www.european-institute.cz\/?s={search_term_string}"},"query-input":{"@type":"PropertyValueSpecification","valueRequired":true,"valueName":"search_term_string"}}],"inLanguage":"en-GB"}]}},"_links":{"self":[{"href":"https:\/\/www.european-institute.cz\/en\/wp-json\/wp\/v2\/pages\/2227","targetHints":{"allow":["GET"]}}],"collection":[{"href":"https:\/\/www.european-institute.cz\/en\/wp-json\/wp\/v2\/pages"}],"about":[{"href":"https:\/\/www.european-institute.cz\/en\/wp-json\/wp\/v2\/types\/page"}],"author":[{"embeddable":true,"href":"https:\/\/www.european-institute.cz\/en\/wp-json\/wp\/v2\/users\/1"}],"replies":[{"embeddable":true,"href":"https:\/\/www.european-institute.cz\/en\/wp-json\/wp\/v2\/comments?post=2227"}],"version-history":[{"count":7,"href":"https:\/\/www.european-institute.cz\/en\/wp-json\/wp\/v2\/pages\/2227\/revisions"}],"predecessor-version":[{"id":2233,"href":"https:\/\/www.european-institute.cz\/en\/wp-json\/wp\/v2\/pages\/2227\/revisions\/2233"}],"up":[{"embeddable":true,"href":"https:\/\/www.european-institute.cz\/en\/wp-json\/wp\/v2\/pages\/2201"}],"wp:attachment":[{"href":"https:\/\/www.european-institute.cz\/en\/wp-json\/wp\/v2\/media?parent=2227"}],"curies":[{"name":"wp","href":"https:\/\/api.w.org\/{rel}","templated":true}]}}