{"id":2229,"date":"2019-01-22T17:08:09","date_gmt":"2019-01-22T16:08:09","guid":{"rendered":"https:\/\/www.european-institute.cz\/?page_id=2229"},"modified":"2019-01-22T19:24:03","modified_gmt":"2019-01-22T18:24:03","slug":"cqb-tactical-i","status":"publish","type":"page","link":"https:\/\/www.european-institute.cz\/en\/specializovane-kurzy\/cqb-tactical-i\/","title":{"rendered":"CQB \u2013 Tactical I."},"content":{"rendered":"<div class=\"vc_row wpb_row vc_row-fluid vc_custom_1548029814810\"><div class=\"wpb_column vc_column_container vc_col-sm-2\"><div class=\"vc_column-inner\"><div class=\"wpb_wrapper\"><\/div><\/div><\/div><div class=\"wpb_column vc_column_container vc_col-sm-8\"><div class=\"vc_column-inner\"><div class=\"wpb_wrapper\">\n\t<div class=\"wpb_text_column wpb_content_element\" >\n\t\t<div class=\"wpb_wrapper\">\n\t\t\t<div class=\"wpb_text_column wpb_content_element\">\n<div class=\"wpb_wrapper\">\n<h2 style=\"text-align: center;\"><span style=\"color: #2a77bb;\"><b>CQB \u2013 Tactical I.<\/b><\/span><\/h2>\n<\/div>\n<\/div>\n\n\t\t<\/div>\n\t<\/div>\n\n\t<div class=\"wpb_text_column wpb_content_element  vc_custom_1548181440987\" >\n\t\t<div class=\"wpb_wrapper\">\n\t\t\t<div class=\"wpb_text_column wpb_content_element\">\n<div class=\"wpb_wrapper\">\n<p><span style=\"font-weight: 400;\">Kurz je vhodn\u00fd zejm\u00e9na pro osobn\u00ed str\u00e1\u017ece, bezpe\u010dnostn\u00ed pracovn\u00edky, detektivy, osobn\u00ed \u0159idi\u010de, ale mo\u017ee se ho \u00fa\u010dastnit i \u0161irok\u00e1 ve\u0159ejnost, kter\u00e1 by si tuto \u010dinnost cht\u011bla vyzkou\u0161et \u201cna vlastn\u00ed k\u016f\u017ei\u201d<\/span><\/p>\n<p>&nbsp;<\/p>\n<h3><span style=\"font-weight: 400;\">C\u00edl kurzu:<\/span><\/h3>\n<ul>\n<li><span style=\"font-weight: 400;\">Sezn\u00e1men\u00ed se z\u00e1sadami, postupy, problematikou, pl\u00e1nov\u00e1n\u00edm a n\u00e1cvikem CQB.<\/span><\/li>\n<li><span style=\"font-weight: 400;\">Sou\u010d\u00e1st\u00ed kurzu je odborn\u00fd semin\u00e1\u0159 Z\u00e1kladn\u00ed postupy p\u0159i identifikaci podez\u0159el\u00fdch p\u0159edm\u011bt\u016f.<\/span><\/li>\n<\/ul>\n<p>&nbsp;<\/p>\n<p><span style=\"font-weight: 400;\">Studentsk\u00e1 sleva plat\u00ed pro studenty st\u0159edn\u00edch a vysok\u00fdch \u0161kol do dovr\u0161en\u00ed v\u011bku studenta 26 let. Studium se prokazuje platnou studentskou kartou, nebo potvrzen\u00edm o studiu a pr\u016fkazem toto\u017enosti. U student\u016f mlad\u0161\u00edch 18 let je nutn\u00fd souhlas z\u00e1konn\u00e9ho z\u00e1stupce.<\/span><\/p>\n<p>&nbsp;<\/p>\n<h3><span style=\"font-weight: 400;\">Podm\u00ednky absolvov\u00e1n\u00ed kurzu:<\/span><\/h3>\n<p><span style=\"font-weight: 400;\">P\u0159edlo\u017een\u00ed aktu\u00e1ln\u00edho v\u00fdpis z rejst\u0159\u00edku trest\u016f.<\/span><\/p>\n<p><span style=\"font-weight: 400;\">Podepis \u010destn\u00e9ho prohl\u00e1\u0161en\u00ed, \u017ee osoba kter\u00e1 se \u00fa\u010dastn\u00ed kurzu nen\u00ed trestn\u011b st\u00edh\u00e1na a nebyla v posledn\u00edch 10 letech odsouzena pro \u00famysln\u00fd trestn\u00fd \u010din.<\/span><\/p>\n<p><span style=\"font-weight: 400;\">P\u0159edlo\u017een\u00ed vlastn\u00edho zbrojn\u00edho pr\u016fkazu.<\/span><\/p>\n<p><span style=\"font-weight: 400;\">Zdravotn\u00cd a fyzick\u00e1 zp\u016fsobilost.<\/span><\/p>\n<p>&nbsp;<\/p>\n<h3><span style=\"font-weight: 400;\">Povinn\u00e9 vlastn\u00ed vybaven\u00ed \u00fa\u010dastn\u00edka:<\/span><\/h3>\n<p><span style=\"font-weight: 400;\">Kr\u00e1tk\u00e1 st\u0159eln\u00e1 zbra\u0148 + 2 z\u00e1sobn\u00edky (pro studenty je mo\u017en\u00e9 zap\u016fj\u010dit).<\/span><\/p>\n<p><span style=\"font-weight: 400;\">cca 500 ks st\u0159eliva. (mo\u017eno zakoupit na m\u00edst\u011b).<\/span><\/p>\n<p><span style=\"font-weight: 400;\">Oble\u010den\u00ed do t\u011blocvi\u010dny a na st\u0159elnici.<\/span><\/p>\n<p><span style=\"font-weight: 400;\">Psac\u00ed pot\u0159eby.<\/span><\/p>\n<p><span style=\"font-weight: 400;\">Mask\u00e1\u010de.<\/span><\/p>\n<p><span style=\"font-weight: 400;\">Opasek, pouzdro na zbra\u0148 a ostatn\u00ed vybaven\u00ed.<\/span><\/p>\n<p><span style=\"font-weight: 400;\">Taktick\u00e1 sv\u00edtilna.<\/span><\/p>\n<p>&nbsp;<\/p>\n<h3><span style=\"font-weight: 400;\">Program:<\/span><\/h3>\n<p><span style=\"font-weight: 400;\">Co je CQB, jeho historie, problematika, z\u00e1sady, postupy a pl\u00e1nov\u00e1n\u00ed<\/span><\/p>\n<p><span style=\"font-weight: 400;\">V\u00fdstroj a v\u00fdzbroj<\/span><\/p>\n<p><span style=\"font-weight: 400;\">Spojen\u00ed<\/span><\/p>\n<p><span style=\"font-weight: 400;\">Kontrola<\/span><\/p>\n<p><span style=\"font-weight: 400;\">P\u0159ibl\u00ed\u017een\u00ed k objektu<\/span><\/p>\n<p><span style=\"font-weight: 400;\">N\u00e1strahy \u2013 Z\u00e1kladn\u00ed principy a postupy p\u0159i vyhled\u00e1v\u00e1n\u00eda identifikaci p\u0159edm\u011bt\u016f, kter\u00e9 bud\u00ed \u00a0podez\u0159en\u00ed, \u017ee se jedn\u00e1 o n\u00e1stra\u017en\u00fd v\u00fdbu\u0161n\u00fd syst\u00e9m (NVS)<\/span><\/p>\n<p><span style=\"font-weight: 400;\">Pohyb po objektu<\/span><\/p>\n<p><span style=\"font-weight: 400;\">Kontrola vozidla<\/span><\/p>\n<p><span style=\"font-weight: 400;\">Zadr\u017een\u00ed osoby<\/span><\/p>\n<p><span style=\"font-weight: 400;\">Prohl\u00eddka osoby<\/span><\/p>\n<p><span style=\"font-weight: 400;\">Pout\u00e1n\u00ed<\/span><\/p>\n<p><span style=\"font-weight: 400;\">Eskorta zadr\u017een\u00e9 osoby (osob)<\/span><\/p>\n<p><span style=\"font-weight: 400;\">Diskuze a dotazy<\/span><\/p>\n<p><span style=\"font-weight: 400;\">N\u00e1cvik modelov\u00fdch situac\u00ed v ter\u00e9nu<\/span><\/p>\n<p><span style=\"font-weight: 400;\">St\u0159elnice<\/span><\/p>\n<p><span style=\"font-weight: 400;\">Z\u00e1v\u011bre\u010dn\u00fd test a praktick\u00e1 zkou\u0161ka<\/span><\/p>\n<p>&nbsp;<\/p>\n<h3><span style=\"font-weight: 400;\">Cena:<\/span>\u00a02<strong>.000 K\u010d<\/strong><\/h3>\n<\/div>\n<\/div>\n\n\t\t<\/div>\n\t<\/div>\n<\/div><\/div><\/div><div class=\"wpb_column vc_column_container vc_col-sm-2\"><div class=\"vc_column-inner\"><div class=\"wpb_wrapper\"><\/div><\/div><\/div><\/div>","protected":false},"excerpt":{"rendered":"CQB \u2013 Tactical I. Kurz je vhodn\u00fd zejm\u00e9na pro osobn\u00ed str\u00e1\u017ece, bezpe\u010dnostn\u00ed pracovn\u00edky, detektivy, osobn\u00ed \u0159idi\u010de, ale mo\u017ee se ho \u00fa\u010dastnit i \u0161irok\u00e1 ve\u0159ejnost, kter\u00e1 by si tuto \u010dinnost cht\u011bla vyzkou\u0161et \u201cna vlastn\u00ed k\u016f\u017ei\u201d &nbsp; C\u00edl kurzu: Sezn\u00e1men\u00ed se z\u00e1sadami, ...","protected":false},"author":1,"featured_media":0,"parent":2201,"menu_order":0,"comment_status":"closed","ping_status":"closed","template":"","meta":{"footnotes":""},"class_list":["post-2229","page","type-page","status-publish","hentry"],"yoast_head":"<!-- This site is optimized with the Yoast SEO plugin v24.7 - https:\/\/yoast.com\/wordpress\/plugins\/seo\/ -->\n<title>CQB \u2013 Tactical I. - EUROPEAN INSTITUTE<\/title>\n<meta name=\"robots\" content=\"index, follow, max-snippet:-1, max-image-preview:large, max-video-preview:-1\" \/>\n<link rel=\"canonical\" href=\"https:\/\/www.european-institute.cz\/en\/specializovane-kurzy\/cqb-tactical-i\/\" \/>\n<meta property=\"og:locale\" content=\"en_GB\" \/>\n<meta property=\"og:type\" content=\"article\" \/>\n<meta property=\"og:title\" content=\"CQB \u2013 Tactical I. - EUROPEAN INSTITUTE\" \/>\n<meta property=\"og:url\" content=\"https:\/\/www.european-institute.cz\/en\/specializovane-kurzy\/cqb-tactical-i\/\" \/>\n<meta property=\"og:site_name\" content=\"EUROPEAN INSTITUTE\" \/>\n<meta property=\"article:modified_time\" content=\"2019-01-22T18:24:03+00:00\" \/>\n<meta name=\"twitter:card\" content=\"summary_large_image\" \/>\n<meta name=\"twitter:label1\" content=\"Estimated reading time\" \/>\n\t<meta name=\"twitter:data1\" content=\"2 minutes\" \/>\n<script type=\"application\/ld+json\" class=\"yoast-schema-graph\">{\"@context\":\"https:\/\/schema.org\",\"@graph\":[{\"@type\":\"WebPage\",\"@id\":\"https:\/\/www.european-institute.cz\/specializovane-kurzy\/cqb-tactical-i\/\",\"url\":\"https:\/\/www.european-institute.cz\/specializovane-kurzy\/cqb-tactical-i\/\",\"name\":\"CQB \u2013 Tactical I. - EUROPEAN INSTITUTE\",\"isPartOf\":{\"@id\":\"https:\/\/www.european-institute.cz\/#website\"},\"datePublished\":\"2019-01-22T16:08:09+00:00\",\"dateModified\":\"2019-01-22T18:24:03+00:00\",\"breadcrumb\":{\"@id\":\"https:\/\/www.european-institute.cz\/specializovane-kurzy\/cqb-tactical-i\/#breadcrumb\"},\"inLanguage\":\"en-GB\",\"potentialAction\":[{\"@type\":\"ReadAction\",\"target\":[\"https:\/\/www.european-institute.cz\/specializovane-kurzy\/cqb-tactical-i\/\"]}]},{\"@type\":\"BreadcrumbList\",\"@id\":\"https:\/\/www.european-institute.cz\/specializovane-kurzy\/cqb-tactical-i\/#breadcrumb\",\"itemListElement\":[{\"@type\":\"ListItem\",\"position\":1,\"name\":\"Dom\u016f\",\"item\":\"https:\/\/www.european-institute.cz\/\"},{\"@type\":\"ListItem\",\"position\":2,\"name\":\"Specializovan\u00e9 kurzy\",\"item\":\"https:\/\/www.european-institute.cz\/specializovane-kurzy\/\"},{\"@type\":\"ListItem\",\"position\":3,\"name\":\"CQB \u2013 Tactical I.\"}]},{\"@type\":\"WebSite\",\"@id\":\"https:\/\/www.european-institute.cz\/#website\",\"url\":\"https:\/\/www.european-institute.cz\/\",\"name\":\"EUROPEAN INSTITUTE\",\"description\":\"\",\"potentialAction\":[{\"@type\":\"SearchAction\",\"target\":{\"@type\":\"EntryPoint\",\"urlTemplate\":\"https:\/\/www.european-institute.cz\/?s={search_term_string}\"},\"query-input\":{\"@type\":\"PropertyValueSpecification\",\"valueRequired\":true,\"valueName\":\"search_term_string\"}}],\"inLanguage\":\"en-GB\"}]}<\/script>\n<!-- \/ Yoast SEO plugin. -->","yoast_head_json":{"title":"CQB \u2013 Tactical I. - EUROPEAN INSTITUTE","robots":{"index":"index","follow":"follow","max-snippet":"max-snippet:-1","max-image-preview":"max-image-preview:large","max-video-preview":"max-video-preview:-1"},"canonical":"https:\/\/www.european-institute.cz\/en\/specializovane-kurzy\/cqb-tactical-i\/","og_locale":"en_GB","og_type":"article","og_title":"CQB \u2013 Tactical I. - EUROPEAN INSTITUTE","og_url":"https:\/\/www.european-institute.cz\/en\/specializovane-kurzy\/cqb-tactical-i\/","og_site_name":"EUROPEAN INSTITUTE","article_modified_time":"2019-01-22T18:24:03+00:00","twitter_card":"summary_large_image","twitter_misc":{"Estimated reading time":"2 minutes"},"schema":{"@context":"https:\/\/schema.org","@graph":[{"@type":"WebPage","@id":"https:\/\/www.european-institute.cz\/specializovane-kurzy\/cqb-tactical-i\/","url":"https:\/\/www.european-institute.cz\/specializovane-kurzy\/cqb-tactical-i\/","name":"CQB \u2013 Tactical I. - EUROPEAN INSTITUTE","isPartOf":{"@id":"https:\/\/www.european-institute.cz\/#website"},"datePublished":"2019-01-22T16:08:09+00:00","dateModified":"2019-01-22T18:24:03+00:00","breadcrumb":{"@id":"https:\/\/www.european-institute.cz\/specializovane-kurzy\/cqb-tactical-i\/#breadcrumb"},"inLanguage":"en-GB","potentialAction":[{"@type":"ReadAction","target":["https:\/\/www.european-institute.cz\/specializovane-kurzy\/cqb-tactical-i\/"]}]},{"@type":"BreadcrumbList","@id":"https:\/\/www.european-institute.cz\/specializovane-kurzy\/cqb-tactical-i\/#breadcrumb","itemListElement":[{"@type":"ListItem","position":1,"name":"Dom\u016f","item":"https:\/\/www.european-institute.cz\/"},{"@type":"ListItem","position":2,"name":"Specializovan\u00e9 kurzy","item":"https:\/\/www.european-institute.cz\/specializovane-kurzy\/"},{"@type":"ListItem","position":3,"name":"CQB \u2013 Tactical I."}]},{"@type":"WebSite","@id":"https:\/\/www.european-institute.cz\/#website","url":"https:\/\/www.european-institute.cz\/","name":"EUROPEAN INSTITUTE","description":"","potentialAction":[{"@type":"SearchAction","target":{"@type":"EntryPoint","urlTemplate":"https:\/\/www.european-institute.cz\/?s={search_term_string}"},"query-input":{"@type":"PropertyValueSpecification","valueRequired":true,"valueName":"search_term_string"}}],"inLanguage":"en-GB"}]}},"_links":{"self":[{"href":"https:\/\/www.european-institute.cz\/en\/wp-json\/wp\/v2\/pages\/2229","targetHints":{"allow":["GET"]}}],"collection":[{"href":"https:\/\/www.european-institute.cz\/en\/wp-json\/wp\/v2\/pages"}],"about":[{"href":"https:\/\/www.european-institute.cz\/en\/wp-json\/wp\/v2\/types\/page"}],"author":[{"embeddable":true,"href":"https:\/\/www.european-institute.cz\/en\/wp-json\/wp\/v2\/users\/1"}],"replies":[{"embeddable":true,"href":"https:\/\/www.european-institute.cz\/en\/wp-json\/wp\/v2\/comments?post=2229"}],"version-history":[{"count":5,"href":"https:\/\/www.european-institute.cz\/en\/wp-json\/wp\/v2\/pages\/2229\/revisions"}],"predecessor-version":[{"id":2292,"href":"https:\/\/www.european-institute.cz\/en\/wp-json\/wp\/v2\/pages\/2229\/revisions\/2292"}],"up":[{"embeddable":true,"href":"https:\/\/www.european-institute.cz\/en\/wp-json\/wp\/v2\/pages\/2201"}],"wp:attachment":[{"href":"https:\/\/www.european-institute.cz\/en\/wp-json\/wp\/v2\/media?parent=2229"}],"curies":[{"name":"wp","href":"https:\/\/api.w.org\/{rel}","templated":true}]}}