{"id":2302,"date":"2019-01-23T15:09:53","date_gmt":"2019-01-23T14:09:53","guid":{"rendered":"https:\/\/www.european-institute.cz\/?page_id=2302"},"modified":"2019-01-23T15:09:53","modified_gmt":"2019-01-23T14:09:53","slug":"osobni-bezpecnost-senioru","status":"publish","type":"page","link":"https:\/\/www.european-institute.cz\/en\/specializovane-kurzy\/osobni-bezpecnost-senioru\/","title":{"rendered":"Osobn\u00ed bezpe\u010dnost senior\u016f"},"content":{"rendered":"<div class=\"vc_row wpb_row vc_row-fluid vc_custom_1548029814810\"><div class=\"wpb_column vc_column_container vc_col-sm-2\"><div class=\"vc_column-inner\"><div class=\"wpb_wrapper\"><\/div><\/div><\/div><div class=\"wpb_column vc_column_container vc_col-sm-8\"><div class=\"vc_column-inner\"><div class=\"wpb_wrapper\">\n\t<div class=\"wpb_text_column wpb_content_element\" >\n\t\t<div class=\"wpb_wrapper\">\n\t\t\t<div class=\"wpb_text_column wpb_content_element\">\n<div class=\"wpb_wrapper\">\n<h2 style=\"text-align: center;\"><span style=\"color: #2a77bb;\"><b>Osobn\u00ed bezpe\u010dnost senior\u016f<\/b><\/span><\/h2>\n<\/div>\n<\/div>\n\n\t\t<\/div>\n\t<\/div>\n\n\t<div class=\"wpb_text_column wpb_content_element  vc_custom_1548252588235\" >\n\t\t<div class=\"wpb_wrapper\">\n\t\t\t<div class=\"wpb_text_column wpb_content_element\">\n<div class=\"wpb_wrapper\">\n<p>P\u0159ipravili jsme pro v\u00e1s praktick\u00fd kurz, b\u011bhem kter\u00e9ho se \u00fa\u010dastn\u00edci sezn\u00e1m\u00ed se z\u00e1kladn\u00edmi principy bezpe\u010dn\u00e9ho chov\u00e1n\u00ed. Nau\u010d\u00edte se jak se vyhnout nebezpe\u010dn\u00fdm situac\u00edm a jak p\u0159\u00edpadn\u00e9 ji\u017e nastal\u00e9 krizov\u00e9 situace \u0159e\u0161it.<\/p>\n<p>\u00da\u010dastn\u00edci si vyzkou\u0161\u00ed, jak se nap\u0159\u00edklad chovat v krizov\u00fdch situac\u00edch, jak p\u0159ivolat pomoc v p\u0159\u00edpad\u011b krizov\u00e9 situace nebo z\u00e1sady p\u0159edch\u00e1zen\u00ed trestn\u00e9 \u010dinnosti. Z\u00e1m\u011brem je seniory a dal\u0161\u00ed ve\u0159ejnost sezn\u00e1mit se situacemi, kter\u00e9 se v denn\u00edm \u017eivot\u011b st\u00e1vaj\u00ed. Na druhou stranu se budou moci pod\u011blit i o sv\u00e9 vlastn\u00ed zku\u0161enosti z oblasti bezpe\u010dnosti.<\/p>\n<h4><\/h4>\n<h3><span style=\"font-weight: 400;\">Cena: <\/span><strong>500 K\u010d<\/strong><\/h3>\n<\/div>\n<\/div>\n\n\t\t<\/div>\n\t<\/div>\n<\/div><\/div><\/div><div class=\"wpb_column vc_column_container vc_col-sm-2\"><div class=\"vc_column-inner\"><div class=\"wpb_wrapper\"><\/div><\/div><\/div><\/div>","protected":false},"excerpt":{"rendered":"Osobn\u00ed bezpe\u010dnost senior\u016f P\u0159ipravili jsme pro v\u00e1s praktick\u00fd kurz, b\u011bhem kter\u00e9ho se \u00fa\u010dastn\u00edci sezn\u00e1m\u00ed se z\u00e1kladn\u00edmi principy bezpe\u010dn\u00e9ho chov\u00e1n\u00ed. Nau\u010d\u00edte se jak se vyhnout nebezpe\u010dn\u00fdm situac\u00edm a jak p\u0159\u00edpadn\u00e9 ji\u017e nastal\u00e9 krizov\u00e9 situace \u0159e\u0161it. \u00da\u010dastn\u00edci si vyzkou\u0161\u00ed, jak se nap\u0159\u00edklad ...","protected":false},"author":1,"featured_media":0,"parent":2201,"menu_order":0,"comment_status":"closed","ping_status":"closed","template":"","meta":{"footnotes":""},"class_list":["post-2302","page","type-page","status-publish","hentry"],"yoast_head":"<!-- This site is optimized with the Yoast SEO plugin v24.7 - https:\/\/yoast.com\/wordpress\/plugins\/seo\/ -->\n<title>Osobn\u00ed bezpe\u010dnost senior\u016f - EUROPEAN INSTITUTE<\/title>\n<meta name=\"robots\" content=\"index, follow, max-snippet:-1, max-image-preview:large, max-video-preview:-1\" \/>\n<link rel=\"canonical\" href=\"https:\/\/www.european-institute.cz\/en\/specializovane-kurzy\/osobni-bezpecnost-senioru\/\" \/>\n<meta property=\"og:locale\" content=\"en_GB\" \/>\n<meta property=\"og:type\" content=\"article\" \/>\n<meta property=\"og:title\" content=\"Osobn\u00ed bezpe\u010dnost senior\u016f - EUROPEAN INSTITUTE\" \/>\n<meta property=\"og:url\" content=\"https:\/\/www.european-institute.cz\/en\/specializovane-kurzy\/osobni-bezpecnost-senioru\/\" \/>\n<meta property=\"og:site_name\" content=\"EUROPEAN INSTITUTE\" \/>\n<meta name=\"twitter:card\" content=\"summary_large_image\" \/>\n<meta name=\"twitter:label1\" content=\"Estimated reading time\" \/>\n\t<meta name=\"twitter:data1\" content=\"1 minute\" \/>\n<script type=\"application\/ld+json\" class=\"yoast-schema-graph\">{\"@context\":\"https:\/\/schema.org\",\"@graph\":[{\"@type\":\"WebPage\",\"@id\":\"https:\/\/www.european-institute.cz\/en\/specializovane-kurzy\/osobni-bezpecnost-senioru\/\",\"url\":\"https:\/\/www.european-institute.cz\/en\/specializovane-kurzy\/osobni-bezpecnost-senioru\/\",\"name\":\"Osobn\u00ed bezpe\u010dnost senior\u016f - EUROPEAN INSTITUTE\",\"isPartOf\":{\"@id\":\"https:\/\/www.european-institute.cz\/#website\"},\"datePublished\":\"2019-01-23T14:09:53+00:00\",\"breadcrumb\":{\"@id\":\"https:\/\/www.european-institute.cz\/en\/specializovane-kurzy\/osobni-bezpecnost-senioru\/#breadcrumb\"},\"inLanguage\":\"en-GB\",\"potentialAction\":[{\"@type\":\"ReadAction\",\"target\":[\"https:\/\/www.european-institute.cz\/en\/specializovane-kurzy\/osobni-bezpecnost-senioru\/\"]}]},{\"@type\":\"BreadcrumbList\",\"@id\":\"https:\/\/www.european-institute.cz\/en\/specializovane-kurzy\/osobni-bezpecnost-senioru\/#breadcrumb\",\"itemListElement\":[{\"@type\":\"ListItem\",\"position\":1,\"name\":\"Dom\u016f\",\"item\":\"https:\/\/www.european-institute.cz\/\"},{\"@type\":\"ListItem\",\"position\":2,\"name\":\"Specializovan\u00e9 kurzy\",\"item\":\"https:\/\/www.european-institute.cz\/specializovane-kurzy\/\"},{\"@type\":\"ListItem\",\"position\":3,\"name\":\"Osobn\u00ed bezpe\u010dnost senior\u016f\"}]},{\"@type\":\"WebSite\",\"@id\":\"https:\/\/www.european-institute.cz\/#website\",\"url\":\"https:\/\/www.european-institute.cz\/\",\"name\":\"EUROPEAN INSTITUTE\",\"description\":\"\",\"potentialAction\":[{\"@type\":\"SearchAction\",\"target\":{\"@type\":\"EntryPoint\",\"urlTemplate\":\"https:\/\/www.european-institute.cz\/?s={search_term_string}\"},\"query-input\":{\"@type\":\"PropertyValueSpecification\",\"valueRequired\":true,\"valueName\":\"search_term_string\"}}],\"inLanguage\":\"en-GB\"}]}<\/script>\n<!-- \/ Yoast SEO plugin. -->","yoast_head_json":{"title":"Osobn\u00ed bezpe\u010dnost senior\u016f - EUROPEAN INSTITUTE","robots":{"index":"index","follow":"follow","max-snippet":"max-snippet:-1","max-image-preview":"max-image-preview:large","max-video-preview":"max-video-preview:-1"},"canonical":"https:\/\/www.european-institute.cz\/en\/specializovane-kurzy\/osobni-bezpecnost-senioru\/","og_locale":"en_GB","og_type":"article","og_title":"Osobn\u00ed bezpe\u010dnost senior\u016f - EUROPEAN INSTITUTE","og_url":"https:\/\/www.european-institute.cz\/en\/specializovane-kurzy\/osobni-bezpecnost-senioru\/","og_site_name":"EUROPEAN INSTITUTE","twitter_card":"summary_large_image","twitter_misc":{"Estimated reading time":"1 minute"},"schema":{"@context":"https:\/\/schema.org","@graph":[{"@type":"WebPage","@id":"https:\/\/www.european-institute.cz\/en\/specializovane-kurzy\/osobni-bezpecnost-senioru\/","url":"https:\/\/www.european-institute.cz\/en\/specializovane-kurzy\/osobni-bezpecnost-senioru\/","name":"Osobn\u00ed bezpe\u010dnost senior\u016f - EUROPEAN INSTITUTE","isPartOf":{"@id":"https:\/\/www.european-institute.cz\/#website"},"datePublished":"2019-01-23T14:09:53+00:00","breadcrumb":{"@id":"https:\/\/www.european-institute.cz\/en\/specializovane-kurzy\/osobni-bezpecnost-senioru\/#breadcrumb"},"inLanguage":"en-GB","potentialAction":[{"@type":"ReadAction","target":["https:\/\/www.european-institute.cz\/en\/specializovane-kurzy\/osobni-bezpecnost-senioru\/"]}]},{"@type":"BreadcrumbList","@id":"https:\/\/www.european-institute.cz\/en\/specializovane-kurzy\/osobni-bezpecnost-senioru\/#breadcrumb","itemListElement":[{"@type":"ListItem","position":1,"name":"Dom\u016f","item":"https:\/\/www.european-institute.cz\/"},{"@type":"ListItem","position":2,"name":"Specializovan\u00e9 kurzy","item":"https:\/\/www.european-institute.cz\/specializovane-kurzy\/"},{"@type":"ListItem","position":3,"name":"Osobn\u00ed bezpe\u010dnost senior\u016f"}]},{"@type":"WebSite","@id":"https:\/\/www.european-institute.cz\/#website","url":"https:\/\/www.european-institute.cz\/","name":"EUROPEAN INSTITUTE","description":"","potentialAction":[{"@type":"SearchAction","target":{"@type":"EntryPoint","urlTemplate":"https:\/\/www.european-institute.cz\/?s={search_term_string}"},"query-input":{"@type":"PropertyValueSpecification","valueRequired":true,"valueName":"search_term_string"}}],"inLanguage":"en-GB"}]}},"_links":{"self":[{"href":"https:\/\/www.european-institute.cz\/en\/wp-json\/wp\/v2\/pages\/2302","targetHints":{"allow":["GET"]}}],"collection":[{"href":"https:\/\/www.european-institute.cz\/en\/wp-json\/wp\/v2\/pages"}],"about":[{"href":"https:\/\/www.european-institute.cz\/en\/wp-json\/wp\/v2\/types\/page"}],"author":[{"embeddable":true,"href":"https:\/\/www.european-institute.cz\/en\/wp-json\/wp\/v2\/users\/1"}],"replies":[{"embeddable":true,"href":"https:\/\/www.european-institute.cz\/en\/wp-json\/wp\/v2\/comments?post=2302"}],"version-history":[{"count":1,"href":"https:\/\/www.european-institute.cz\/en\/wp-json\/wp\/v2\/pages\/2302\/revisions"}],"predecessor-version":[{"id":2304,"href":"https:\/\/www.european-institute.cz\/en\/wp-json\/wp\/v2\/pages\/2302\/revisions\/2304"}],"up":[{"embeddable":true,"href":"https:\/\/www.european-institute.cz\/en\/wp-json\/wp\/v2\/pages\/2201"}],"wp:attachment":[{"href":"https:\/\/www.european-institute.cz\/en\/wp-json\/wp\/v2\/media?parent=2302"}],"curies":[{"name":"wp","href":"https:\/\/api.w.org\/{rel}","templated":true}]}}