{"id":2315,"date":"2019-01-23T15:44:43","date_gmt":"2019-01-23T14:44:43","guid":{"rendered":"https:\/\/www.european-institute.cz\/?page_id=2315"},"modified":"2019-01-23T15:46:52","modified_gmt":"2019-01-23T14:46:52","slug":"time-management","status":"publish","type":"page","link":"https:\/\/www.european-institute.cz\/en\/neakreditovane\/time-management\/","title":{"rendered":"Time management"},"content":{"rendered":"<div class=\"vc_row wpb_row vc_row-fluid vc_custom_1548029814810\"><div class=\"wpb_column vc_column_container vc_col-sm-2\"><div class=\"vc_column-inner\"><div class=\"wpb_wrapper\"><\/div><\/div><\/div><div class=\"wpb_column vc_column_container vc_col-sm-8\"><div class=\"vc_column-inner\"><div class=\"wpb_wrapper\">\n\t<div class=\"wpb_text_column wpb_content_element\" >\n\t\t<div class=\"wpb_wrapper\">\n\t\t\t<div class=\"wpb_text_column wpb_content_element\">\n<div class=\"wpb_wrapper\">\n<h2 style=\"text-align: center;\"><span style=\"color: #2a77bb;\"><b>Time management<\/b><\/span><\/h2>\n<\/div>\n<\/div>\n\n\t\t<\/div>\n\t<\/div>\n\n\t<div class=\"wpb_text_column wpb_content_element  vc_custom_1548254809438\" >\n\t\t<div class=\"wpb_wrapper\">\n\t\t\t<div class=\"wpb_text_column wpb_content_element\">\n<div class=\"wpb_wrapper\">\n<p>Pokud si mysl\u00edte, \u017ee V\u00e1\u0161 \u010das je p\u0159\u00edli\u0161 cenn\u00fd, ne\u017e abyste s n\u00edm pl\u00fdtvali, p\u0159ihlaste se do na\u0161eho kurzu Time managementu a my V\u00e1s nau\u010d\u00edme, jak si spr\u00e1vn\u011b ur\u010dit priority, jak postupovat p\u0159i pl\u00e1nov\u00e1n\u00ed dne, t\u00fddne i cel\u00e9ho \u017eivota, nebo jak se nau\u010dit \u0159\u00edkat \u201cne\u201d. Nejenom mana\u017ee\u0159i pot\u0159ebuj\u00ed b\u00fdt dobr\u00fdmi organiz\u00e1tory sv\u00e9ho \u010dasu. Organiza\u010dn\u00ed dovednosti m\u016f\u017ee uplatnit ve sv\u00e9m \u017eivot\u011b i zam\u011bstn\u00e1n\u00ed ka\u017ed\u00fd.<\/p>\n<p>&nbsp;<\/p>\n<h3>Obsah kurzu Time management:<\/h3>\n<ul>\n<li>v\u00fdvoj time managementu (1. \u2013 4. generace TM)<\/li>\n<li>inventura \u010dasu<\/li>\n<li>stanovov\u00e1n\u00ed priorit a realistick\u00fdch c\u00edl\u016f (techniky a metody)<\/li>\n<li>pl\u00e1nov\u00e1n\u00ed \u010dasu \u2013 typy pl\u00e1n\u016f, v\u00fdznam a z\u00e1sady pl\u00e1nov\u00e1n\u00ed<\/li>\n<li>pom\u016fcky pro pr\u00e1ci s \u010dasem<\/li>\n<li>delegov\u00e1n\u00ed \u00fakol\u016f<\/li>\n<\/ul>\n<p>N\u00e1\u0161 kurz V\u00e1s provede organiza\u010dn\u00edm minimem \u2013 stanoven\u00ed realistick\u00fdch c\u00edl\u016f, schopnost rozhodnout se, efektivn\u00ed uspo\u0159\u00e1d\u00e1ni \u010dasu, um\u011bn\u00ed delegovat \u00fakoly a motivov\u00e1n\u00ed sebe i druh\u00fdch. Spr\u00e1vn\u00e1 organizace \u010dasu je pro pln\u011bn\u00ed stanoven\u00fdch c\u00edl\u016f kl\u00ed\u010dov\u00e1.<\/p>\n<p>&nbsp;<\/p>\n<h3>D\u00e9lka kurzu<\/h3>\n<p>Jednodenn\u00ed kurz v rozsahu 6 vyu\u010dovac\u00edch hodin.<\/p>\n<h4><\/h4>\n<h3><span style=\"font-weight: 400;\">Cena: <\/span><strong>1.490<\/strong><strong>\u00a0K\u010d<\/strong><\/h3>\n<p>V cen\u011b kurzu jsou zahrnuty tepl\u00e9 a studen\u00e9 n\u00e1poje.<\/p>\n<\/div>\n<\/div>\n\n\t\t<\/div>\n\t<\/div>\n<\/div><\/div><\/div><div class=\"wpb_column vc_column_container vc_col-sm-2\"><div class=\"vc_column-inner\"><div class=\"wpb_wrapper\"><\/div><\/div><\/div><\/div>","protected":false},"excerpt":{"rendered":"Time management Pokud si mysl\u00edte, \u017ee V\u00e1\u0161 \u010das je p\u0159\u00edli\u0161 cenn\u00fd, ne\u017e abyste s n\u00edm pl\u00fdtvali, p\u0159ihlaste se do na\u0161eho kurzu Time managementu a my V\u00e1s nau\u010d\u00edme, jak si spr\u00e1vn\u011b ur\u010dit priority, jak postupovat p\u0159i pl\u00e1nov\u00e1n\u00ed dne, t\u00fddne i cel\u00e9ho ...","protected":false},"author":1,"featured_media":0,"parent":2179,"menu_order":0,"comment_status":"closed","ping_status":"closed","template":"","meta":{"footnotes":""},"class_list":["post-2315","page","type-page","status-publish","hentry"],"yoast_head":"<!-- This site is optimized with the Yoast SEO plugin v24.7 - https:\/\/yoast.com\/wordpress\/plugins\/seo\/ -->\n<title>Time management - EUROPEAN INSTITUTE<\/title>\n<meta name=\"robots\" content=\"index, follow, max-snippet:-1, max-image-preview:large, max-video-preview:-1\" \/>\n<link rel=\"canonical\" href=\"https:\/\/www.european-institute.cz\/en\/neakreditovane\/time-management\/\" \/>\n<meta property=\"og:locale\" content=\"en_GB\" \/>\n<meta property=\"og:type\" content=\"article\" \/>\n<meta property=\"og:title\" content=\"Time management - EUROPEAN INSTITUTE\" \/>\n<meta property=\"og:url\" content=\"https:\/\/www.european-institute.cz\/en\/neakreditovane\/time-management\/\" \/>\n<meta property=\"og:site_name\" content=\"EUROPEAN INSTITUTE\" \/>\n<meta property=\"article:modified_time\" content=\"2019-01-23T14:46:52+00:00\" \/>\n<meta name=\"twitter:card\" content=\"summary_large_image\" \/>\n<meta name=\"twitter:label1\" content=\"Estimated reading time\" \/>\n\t<meta name=\"twitter:data1\" content=\"1 minute\" \/>\n<script type=\"application\/ld+json\" class=\"yoast-schema-graph\">{\"@context\":\"https:\/\/schema.org\",\"@graph\":[{\"@type\":\"WebPage\",\"@id\":\"https:\/\/www.european-institute.cz\/neakreditovane\/time-management\/\",\"url\":\"https:\/\/www.european-institute.cz\/neakreditovane\/time-management\/\",\"name\":\"Time management - EUROPEAN INSTITUTE\",\"isPartOf\":{\"@id\":\"https:\/\/www.european-institute.cz\/#website\"},\"datePublished\":\"2019-01-23T14:44:43+00:00\",\"dateModified\":\"2019-01-23T14:46:52+00:00\",\"breadcrumb\":{\"@id\":\"https:\/\/www.european-institute.cz\/neakreditovane\/time-management\/#breadcrumb\"},\"inLanguage\":\"en-GB\",\"potentialAction\":[{\"@type\":\"ReadAction\",\"target\":[\"https:\/\/www.european-institute.cz\/neakreditovane\/time-management\/\"]}]},{\"@type\":\"BreadcrumbList\",\"@id\":\"https:\/\/www.european-institute.cz\/neakreditovane\/time-management\/#breadcrumb\",\"itemListElement\":[{\"@type\":\"ListItem\",\"position\":1,\"name\":\"Dom\u016f\",\"item\":\"https:\/\/www.european-institute.cz\/\"},{\"@type\":\"ListItem\",\"position\":2,\"name\":\"Neakreditovan\u00e9\",\"item\":\"https:\/\/www.european-institute.cz\/neakreditovane\/\"},{\"@type\":\"ListItem\",\"position\":3,\"name\":\"Time management\"}]},{\"@type\":\"WebSite\",\"@id\":\"https:\/\/www.european-institute.cz\/#website\",\"url\":\"https:\/\/www.european-institute.cz\/\",\"name\":\"EUROPEAN INSTITUTE\",\"description\":\"\",\"potentialAction\":[{\"@type\":\"SearchAction\",\"target\":{\"@type\":\"EntryPoint\",\"urlTemplate\":\"https:\/\/www.european-institute.cz\/?s={search_term_string}\"},\"query-input\":{\"@type\":\"PropertyValueSpecification\",\"valueRequired\":true,\"valueName\":\"search_term_string\"}}],\"inLanguage\":\"en-GB\"}]}<\/script>\n<!-- \/ Yoast SEO plugin. -->","yoast_head_json":{"title":"Time management - EUROPEAN INSTITUTE","robots":{"index":"index","follow":"follow","max-snippet":"max-snippet:-1","max-image-preview":"max-image-preview:large","max-video-preview":"max-video-preview:-1"},"canonical":"https:\/\/www.european-institute.cz\/en\/neakreditovane\/time-management\/","og_locale":"en_GB","og_type":"article","og_title":"Time management - EUROPEAN INSTITUTE","og_url":"https:\/\/www.european-institute.cz\/en\/neakreditovane\/time-management\/","og_site_name":"EUROPEAN INSTITUTE","article_modified_time":"2019-01-23T14:46:52+00:00","twitter_card":"summary_large_image","twitter_misc":{"Estimated reading time":"1 minute"},"schema":{"@context":"https:\/\/schema.org","@graph":[{"@type":"WebPage","@id":"https:\/\/www.european-institute.cz\/neakreditovane\/time-management\/","url":"https:\/\/www.european-institute.cz\/neakreditovane\/time-management\/","name":"Time management - EUROPEAN INSTITUTE","isPartOf":{"@id":"https:\/\/www.european-institute.cz\/#website"},"datePublished":"2019-01-23T14:44:43+00:00","dateModified":"2019-01-23T14:46:52+00:00","breadcrumb":{"@id":"https:\/\/www.european-institute.cz\/neakreditovane\/time-management\/#breadcrumb"},"inLanguage":"en-GB","potentialAction":[{"@type":"ReadAction","target":["https:\/\/www.european-institute.cz\/neakreditovane\/time-management\/"]}]},{"@type":"BreadcrumbList","@id":"https:\/\/www.european-institute.cz\/neakreditovane\/time-management\/#breadcrumb","itemListElement":[{"@type":"ListItem","position":1,"name":"Dom\u016f","item":"https:\/\/www.european-institute.cz\/"},{"@type":"ListItem","position":2,"name":"Neakreditovan\u00e9","item":"https:\/\/www.european-institute.cz\/neakreditovane\/"},{"@type":"ListItem","position":3,"name":"Time management"}]},{"@type":"WebSite","@id":"https:\/\/www.european-institute.cz\/#website","url":"https:\/\/www.european-institute.cz\/","name":"EUROPEAN INSTITUTE","description":"","potentialAction":[{"@type":"SearchAction","target":{"@type":"EntryPoint","urlTemplate":"https:\/\/www.european-institute.cz\/?s={search_term_string}"},"query-input":{"@type":"PropertyValueSpecification","valueRequired":true,"valueName":"search_term_string"}}],"inLanguage":"en-GB"}]}},"_links":{"self":[{"href":"https:\/\/www.european-institute.cz\/en\/wp-json\/wp\/v2\/pages\/2315","targetHints":{"allow":["GET"]}}],"collection":[{"href":"https:\/\/www.european-institute.cz\/en\/wp-json\/wp\/v2\/pages"}],"about":[{"href":"https:\/\/www.european-institute.cz\/en\/wp-json\/wp\/v2\/types\/page"}],"author":[{"embeddable":true,"href":"https:\/\/www.european-institute.cz\/en\/wp-json\/wp\/v2\/users\/1"}],"replies":[{"embeddable":true,"href":"https:\/\/www.european-institute.cz\/en\/wp-json\/wp\/v2\/comments?post=2315"}],"version-history":[{"count":2,"href":"https:\/\/www.european-institute.cz\/en\/wp-json\/wp\/v2\/pages\/2315\/revisions"}],"predecessor-version":[{"id":2318,"href":"https:\/\/www.european-institute.cz\/en\/wp-json\/wp\/v2\/pages\/2315\/revisions\/2318"}],"up":[{"embeddable":true,"href":"https:\/\/www.european-institute.cz\/en\/wp-json\/wp\/v2\/pages\/2179"}],"wp:attachment":[{"href":"https:\/\/www.european-institute.cz\/en\/wp-json\/wp\/v2\/media?parent=2315"}],"curies":[{"name":"wp","href":"https:\/\/api.w.org\/{rel}","templated":true}]}}