{"id":2325,"date":"2019-01-23T16:00:04","date_gmt":"2019-01-23T15:00:04","guid":{"rendered":"https:\/\/www.european-institute.cz\/?page_id=2325"},"modified":"2019-01-23T16:03:27","modified_gmt":"2019-01-23T15:03:27","slug":"detektiv-koncipient-koncese-detektivni-cinnost","status":"publish","type":"page","link":"https:\/\/www.european-institute.cz\/en\/akreditovane\/detektiv-koncipient-koncese-detektivni-cinnost\/","title":{"rendered":"Detektiv koncipient (koncese detektivn\u00ed \u010dinnost)"},"content":{"rendered":"<div class=\"vc_row wpb_row vc_row-fluid vc_custom_1548029814810\"><div class=\"wpb_column vc_column_container vc_col-sm-2\"><div class=\"vc_column-inner\"><div class=\"wpb_wrapper\"><\/div><\/div><\/div><div class=\"wpb_column vc_column_container vc_col-sm-8\"><div class=\"vc_column-inner\"><div class=\"wpb_wrapper\">\n\t<div class=\"wpb_text_column wpb_content_element\" >\n\t\t<div class=\"wpb_wrapper\">\n\t\t\t<div class=\"wpb_text_column wpb_content_element\">\n<div class=\"wpb_wrapper\">\n<h2 style=\"text-align: center;\"><span style=\"color: #2a77bb;\"><b>Detektiv koncipient (koncese detektivn\u00ed \u010dinnost)<\/b><\/span><\/h2>\n<\/div>\n<\/div>\n\n\t\t<\/div>\n\t<\/div>\n\n\t<div class=\"wpb_text_column wpb_content_element  vc_custom_1548255804182\" >\n\t\t<div class=\"wpb_wrapper\">\n\t\t\t<div class=\"wpb_text_column wpb_content_element\">\n<div class=\"wpb_wrapper\">\n<p>Program akreditovan\u00e9ho rekvalifika\u010dn\u00edho kurzu DETEKTIV KONCIPIENT je zam\u011b\u0159en na rozsah znalost\u00ed, v\u011bdomost\u00ed a dovednost\u00ed pot\u0159ebn\u00fdch pro slo\u017een\u00ed p\u00edsemn\u00e9 a \u00fastn\u00ed zkou\u0161ky profesn\u00ed kvalifikace podle z\u00e1kona \u010d. 179\/2006 Sb. v platn\u00e9m zn\u011bn\u00ed, kterou absolvent kurzu prok\u00e1\u017ee svou odbornou zp\u016fsobilost k v\u00fdkonu povol\u00e1n\u00ed detektiv koncipient z\u00edsk\u00e1n\u00edm \u201eOsv\u011bd\u010den\u00ed o profesn\u00ed kvalifikaci detektiv koncipient\u201c.<\/p>\n<p>&nbsp;<\/p>\n<p>Pro v\u00fdkon povol\u00e1n\u00ed detektiva koncipienta je od 1. srpna 2012 podm\u00ednkou p\u0159edlo\u017een\u00ed \u201eOsv\u011bd\u010den\u00ed o profesn\u00ed kvalifikaci detektiv koncipient\u201c zam\u011bstnavateli, v souladu s p\u0159\u00edlohou \u010d. 5 z\u00e1kona \u010d. 455\/1991 Sb. o \u017eivnostensk\u00e9m podnik\u00e1n\u00ed ve zn\u011bn\u00ed pozd\u011bj\u0161\u00edch p\u0159edpis\u016f.<\/p>\n<p>Kurz je akreditovan\u00fd Ministerstvem \u0161kolstv\u00ed, ml\u00e1de\u017ee a t\u011blov\u00fdchovy podle kvalifika\u010dn\u00edho standardu Str\u00e1\u017en\u00fd (k\u00f3d 68-009-M)<\/p>\n<p>&nbsp;<\/p>\n<h3>Rozsah kurzu:<\/h3>\n<p>40 vyu\u010dovac\u00edch hodin (5dn\u016f teorie,1den zkou\u0161ka)<\/p>\n<h3>Zp\u016fsob ukon\u010den\u00ed:<\/h3>\n<p>Absolvent obdr\u017e\u00ed Osv\u011bd\u010den\u00ed o \u00fa\u010dasti v akreditovan\u00e9m vzd\u011bl\u00e1vac\u00edm programu.<\/p>\n<p>Absolvent obdr\u017e\u00ed Osv\u011bd\u010den\u00ed o profesn\u00ed kvalifikace Detektiv koncipient, zkou\u0161ka p\u0159ed autorizovan\u00fdmi osobami Ministerstva vnitra.<\/p>\n<h4><\/h4>\n<h3><span style=\"font-weight: 400;\">Cena od: <\/span><strong>4.000<\/strong><strong>\u00a0K\u010d <\/strong>bez DPH<\/h3>\n<\/div>\n<\/div>\n\n\t\t<\/div>\n\t<\/div>\n<\/div><\/div><\/div><div class=\"wpb_column vc_column_container vc_col-sm-2\"><div class=\"vc_column-inner\"><div class=\"wpb_wrapper\"><\/div><\/div><\/div><\/div>","protected":false},"excerpt":{"rendered":"Detektiv koncipient (koncese detektivn\u00ed \u010dinnost) Program akreditovan\u00e9ho rekvalifika\u010dn\u00edho kurzu DETEKTIV KONCIPIENT je zam\u011b\u0159en na rozsah znalost\u00ed, v\u011bdomost\u00ed a dovednost\u00ed pot\u0159ebn\u00fdch pro slo\u017een\u00ed p\u00edsemn\u00e9 a \u00fastn\u00ed zkou\u0161ky profesn\u00ed kvalifikace podle z\u00e1kona \u010d. 179\/2006 Sb. v platn\u00e9m zn\u011bn\u00ed, kterou absolvent kurzu prok\u00e1\u017ee ...","protected":false},"author":1,"featured_media":0,"parent":2180,"menu_order":0,"comment_status":"closed","ping_status":"closed","template":"","meta":{"footnotes":""},"class_list":["post-2325","page","type-page","status-publish","hentry"],"yoast_head":"<!-- This site is optimized with the Yoast SEO plugin v24.7 - https:\/\/yoast.com\/wordpress\/plugins\/seo\/ -->\n<title>Detektiv koncipient (koncese detektivn\u00ed \u010dinnost) - EUROPEAN INSTITUTE<\/title>\n<meta name=\"robots\" content=\"index, follow, max-snippet:-1, max-image-preview:large, max-video-preview:-1\" \/>\n<link rel=\"canonical\" href=\"https:\/\/www.european-institute.cz\/en\/akreditovane\/detektiv-koncipient-koncese-detektivni-cinnost\/\" \/>\n<meta property=\"og:locale\" content=\"en_GB\" \/>\n<meta property=\"og:type\" content=\"article\" \/>\n<meta property=\"og:title\" content=\"Detektiv koncipient (koncese detektivn\u00ed \u010dinnost) - EUROPEAN INSTITUTE\" \/>\n<meta property=\"og:url\" content=\"https:\/\/www.european-institute.cz\/en\/akreditovane\/detektiv-koncipient-koncese-detektivni-cinnost\/\" \/>\n<meta property=\"og:site_name\" content=\"EUROPEAN INSTITUTE\" \/>\n<meta property=\"article:modified_time\" content=\"2019-01-23T15:03:27+00:00\" \/>\n<meta name=\"twitter:card\" content=\"summary_large_image\" \/>\n<meta name=\"twitter:label1\" content=\"Estimated reading time\" \/>\n\t<meta name=\"twitter:data1\" content=\"1 minute\" \/>\n<script type=\"application\/ld+json\" class=\"yoast-schema-graph\">{\"@context\":\"https:\/\/schema.org\",\"@graph\":[{\"@type\":\"WebPage\",\"@id\":\"https:\/\/www.european-institute.cz\/akreditovane\/detektiv-koncipient-koncese-detektivni-cinnost\/\",\"url\":\"https:\/\/www.european-institute.cz\/akreditovane\/detektiv-koncipient-koncese-detektivni-cinnost\/\",\"name\":\"Detektiv koncipient (koncese detektivn\u00ed \u010dinnost) - EUROPEAN INSTITUTE\",\"isPartOf\":{\"@id\":\"https:\/\/www.european-institute.cz\/#website\"},\"datePublished\":\"2019-01-23T15:00:04+00:00\",\"dateModified\":\"2019-01-23T15:03:27+00:00\",\"breadcrumb\":{\"@id\":\"https:\/\/www.european-institute.cz\/akreditovane\/detektiv-koncipient-koncese-detektivni-cinnost\/#breadcrumb\"},\"inLanguage\":\"en-GB\",\"potentialAction\":[{\"@type\":\"ReadAction\",\"target\":[\"https:\/\/www.european-institute.cz\/akreditovane\/detektiv-koncipient-koncese-detektivni-cinnost\/\"]}]},{\"@type\":\"BreadcrumbList\",\"@id\":\"https:\/\/www.european-institute.cz\/akreditovane\/detektiv-koncipient-koncese-detektivni-cinnost\/#breadcrumb\",\"itemListElement\":[{\"@type\":\"ListItem\",\"position\":1,\"name\":\"Dom\u016f\",\"item\":\"https:\/\/www.european-institute.cz\/\"},{\"@type\":\"ListItem\",\"position\":2,\"name\":\"Akreditovan\u00e9\",\"item\":\"https:\/\/www.european-institute.cz\/akreditovane\/\"},{\"@type\":\"ListItem\",\"position\":3,\"name\":\"Detektiv koncipient (koncese detektivn\u00ed \u010dinnost)\"}]},{\"@type\":\"WebSite\",\"@id\":\"https:\/\/www.european-institute.cz\/#website\",\"url\":\"https:\/\/www.european-institute.cz\/\",\"name\":\"EUROPEAN INSTITUTE\",\"description\":\"\",\"potentialAction\":[{\"@type\":\"SearchAction\",\"target\":{\"@type\":\"EntryPoint\",\"urlTemplate\":\"https:\/\/www.european-institute.cz\/?s={search_term_string}\"},\"query-input\":{\"@type\":\"PropertyValueSpecification\",\"valueRequired\":true,\"valueName\":\"search_term_string\"}}],\"inLanguage\":\"en-GB\"}]}<\/script>\n<!-- \/ Yoast SEO plugin. -->","yoast_head_json":{"title":"Detektiv koncipient (koncese detektivn\u00ed \u010dinnost) - EUROPEAN INSTITUTE","robots":{"index":"index","follow":"follow","max-snippet":"max-snippet:-1","max-image-preview":"max-image-preview:large","max-video-preview":"max-video-preview:-1"},"canonical":"https:\/\/www.european-institute.cz\/en\/akreditovane\/detektiv-koncipient-koncese-detektivni-cinnost\/","og_locale":"en_GB","og_type":"article","og_title":"Detektiv koncipient (koncese detektivn\u00ed \u010dinnost) - EUROPEAN INSTITUTE","og_url":"https:\/\/www.european-institute.cz\/en\/akreditovane\/detektiv-koncipient-koncese-detektivni-cinnost\/","og_site_name":"EUROPEAN INSTITUTE","article_modified_time":"2019-01-23T15:03:27+00:00","twitter_card":"summary_large_image","twitter_misc":{"Estimated reading time":"1 minute"},"schema":{"@context":"https:\/\/schema.org","@graph":[{"@type":"WebPage","@id":"https:\/\/www.european-institute.cz\/akreditovane\/detektiv-koncipient-koncese-detektivni-cinnost\/","url":"https:\/\/www.european-institute.cz\/akreditovane\/detektiv-koncipient-koncese-detektivni-cinnost\/","name":"Detektiv koncipient (koncese detektivn\u00ed \u010dinnost) - EUROPEAN INSTITUTE","isPartOf":{"@id":"https:\/\/www.european-institute.cz\/#website"},"datePublished":"2019-01-23T15:00:04+00:00","dateModified":"2019-01-23T15:03:27+00:00","breadcrumb":{"@id":"https:\/\/www.european-institute.cz\/akreditovane\/detektiv-koncipient-koncese-detektivni-cinnost\/#breadcrumb"},"inLanguage":"en-GB","potentialAction":[{"@type":"ReadAction","target":["https:\/\/www.european-institute.cz\/akreditovane\/detektiv-koncipient-koncese-detektivni-cinnost\/"]}]},{"@type":"BreadcrumbList","@id":"https:\/\/www.european-institute.cz\/akreditovane\/detektiv-koncipient-koncese-detektivni-cinnost\/#breadcrumb","itemListElement":[{"@type":"ListItem","position":1,"name":"Dom\u016f","item":"https:\/\/www.european-institute.cz\/"},{"@type":"ListItem","position":2,"name":"Akreditovan\u00e9","item":"https:\/\/www.european-institute.cz\/akreditovane\/"},{"@type":"ListItem","position":3,"name":"Detektiv koncipient (koncese detektivn\u00ed \u010dinnost)"}]},{"@type":"WebSite","@id":"https:\/\/www.european-institute.cz\/#website","url":"https:\/\/www.european-institute.cz\/","name":"EUROPEAN INSTITUTE","description":"","potentialAction":[{"@type":"SearchAction","target":{"@type":"EntryPoint","urlTemplate":"https:\/\/www.european-institute.cz\/?s={search_term_string}"},"query-input":{"@type":"PropertyValueSpecification","valueRequired":true,"valueName":"search_term_string"}}],"inLanguage":"en-GB"}]}},"_links":{"self":[{"href":"https:\/\/www.european-institute.cz\/en\/wp-json\/wp\/v2\/pages\/2325","targetHints":{"allow":["GET"]}}],"collection":[{"href":"https:\/\/www.european-institute.cz\/en\/wp-json\/wp\/v2\/pages"}],"about":[{"href":"https:\/\/www.european-institute.cz\/en\/wp-json\/wp\/v2\/types\/page"}],"author":[{"embeddable":true,"href":"https:\/\/www.european-institute.cz\/en\/wp-json\/wp\/v2\/users\/1"}],"replies":[{"embeddable":true,"href":"https:\/\/www.european-institute.cz\/en\/wp-json\/wp\/v2\/comments?post=2325"}],"version-history":[{"count":4,"href":"https:\/\/www.european-institute.cz\/en\/wp-json\/wp\/v2\/pages\/2325\/revisions"}],"predecessor-version":[{"id":2333,"href":"https:\/\/www.european-institute.cz\/en\/wp-json\/wp\/v2\/pages\/2325\/revisions\/2333"}],"up":[{"embeddable":true,"href":"https:\/\/www.european-institute.cz\/en\/wp-json\/wp\/v2\/pages\/2180"}],"wp:attachment":[{"href":"https:\/\/www.european-institute.cz\/en\/wp-json\/wp\/v2\/media?parent=2325"}],"curies":[{"name":"wp","href":"https:\/\/api.w.org\/{rel}","templated":true}]}}