{"id":2355,"date":"2019-01-23T18:01:10","date_gmt":"2019-01-23T17:01:10","guid":{"rendered":"https:\/\/www.european-institute.cz\/?page_id=2355"},"modified":"2019-05-26T00:38:57","modified_gmt":"2019-05-25T22:38:57","slug":"bookport","status":"publish","type":"page","link":"https:\/\/www.european-institute.cz\/en\/bookport\/","title":{"rendered":"Online knihovna"},"content":{"rendered":"<div class=\"vc_row wpb_row vc_row-fluid\"><div class=\"wpb_column vc_column_container vc_col-sm-12\"><div class=\"vc_column-inner\"><div class=\"wpb_wrapper\">\n\t<div class=\"wpb_text_column wpb_content_element  vc_custom_1548283108603\" >\n\t\t<div class=\"wpb_wrapper\">\n\t\t\t<h1 style=\"text-align: center;\"><strong>Online knihovna BOOKPORT<\/strong><\/h1>\n\n\t\t<\/div>\n\t<\/div>\n<\/div><\/div><\/div><\/div><div class=\"vc_row wpb_row vc_row-fluid\"><div class=\"wpb_column vc_column_container vc_col-sm-12\"><div class=\"vc_column-inner\"><div class=\"wpb_wrapper\">\n\t<div  class=\"wpb_single_image wpb_content_element vc_align_center\">\n\t\t\n\t\t<figure class=\"wpb_wrapper vc_figure\">\n\t\t\t<a href=\"https:\/\/www.bookport.cz\/Account\/Login\/\" target=\"_self\" class=\"vc_single_image-wrapper   vc_box_border_grey\"><img loading=\"lazy\" decoding=\"async\" width=\"300\" height=\"48\" src=\"https:\/\/www.european-institute.cz\/wp-content\/uploads\/2019\/05\/logo.png\" class=\"vc_single_image-img attachment-large\" alt=\"\" \/><\/a>\n\t\t<\/figure>\n\t<\/div>\n<\/div><\/div><\/div><\/div><div class=\"vc_row wpb_row vc_row-fluid\"><div class=\"wpb_column vc_column_container vc_col-sm-12\"><div class=\"vc_column-inner\"><div class=\"wpb_wrapper\">\n\t<div class=\"wpb_text_column wpb_content_element  vc_custom_1548283778690\" >\n\t\t<div class=\"wpb_wrapper\">\n\t\t\t<p>Studenti <strong>EUROPEAN INSTITUTE<\/strong> maj\u00ed po celou dobu sv\u00e9ho studia zaji\u0161t\u011bn p\u0159\u00edstup ke kvalitn\u00edm informa\u010dn\u00edm zdroj\u016fm, ze kter\u00fdch mohou \u010derpat p\u0159i psan\u00ed semestr\u00e1ln\u00edch a \u00a0z\u00e1v\u011bre\u010dn\u00fdch prac\u00ed.<\/p>\n<p>Jako bonus ke studiu z\u00edsk\u00e1vaj\u00ed studenti bezplatn\u00fd p\u0159\u00edstup do online knihovny <strong>BOOKPORT<\/strong><em>.<\/em> V nab\u00eddce naleznou v\u00edce jak 4000 titul\u016f, kter\u00e9 jsou v \u010desk\u00e9m jazyce a st\u00e1le p\u0159ib\u00fdvaj\u00ed dal\u0161\u00ed. Knihovna je zp\u0159\u00edstupn\u011bna student\u016fm EUROPEAN INSTITUTE, bez ohledu na obor nebo program mana\u017eersk\u00e9ho studia <strong>MBA, MPA, MPH \u010di LLM<\/strong>.<\/p>\n<p>Rychl\u00fd p\u0159\u00edstup k odborn\u00fdm titul\u016fm a u\u017eivatelsky p\u0159\u00edv\u011btiv\u00e9 prost\u0159ed\u00ed online knihovny usnadn\u00ed cel\u00e9 studium. Krom\u011b odborn\u00e9 literatury se studenti mohou t\u011b\u0161it i na popul\u00e1rn\u011b nau\u010dnou literaturu, \u010di sv\u011btov\u00e9 novinky a bestsellery. \u010c\u00edst je mo\u017en\u00e9 jak na po\u010d\u00edta\u010di, tak na tabletu \u010di mobiln\u00edm telefonu.<\/p>\n<p><strong>BOOKPORT<\/strong> poskytuje i mnoho zaj\u00edmav\u00fdch funkc\u00ed, jako nap\u0159\u00edklad automatickou synchronizaci \u010dten\u00ed skrz za\u0159\u00edzen\u00ed, pokro\u010dil\u00e9 hled\u00e1n\u00ed knih nap\u0159\u00ed\u010d celou datab\u00e1z\u00ed, vkl\u00e1d\u00e1n\u00ed a sd\u00edlen\u00ed pozn\u00e1mek, vyzna\u010dov\u00e1n\u00ed v textu a mnoho dal\u0161\u00edho.<\/p>\n<p>K online knihovn\u011b si lze nyn\u00ed st\u00e1hnout i bezplatnou aplikaci, d\u00edky n\u00ed\u017e je mo\u017en\u00fd p\u0159\u00edstup ke knih\u00e1m i bez p\u0159ipojen\u00ed k internetu.<\/p>\n<h3>Standardn\u00ed\u00a0knihovna<\/h3>\n<p>Na\u0161i studenti si mohou samoz\u0159ejm\u011b vyp\u016fj\u010dit odbornou literaturu i tradi\u010dn\u00edm zp\u016fsobem. Seznam konkr\u00e9tn\u00edch knih, skript a v\u00fdp\u016fj\u010dn\u00ed \u0159\u00e1d je ka\u017ed\u00e9mu studentovi k dispozici ve studentsk\u00e9 sekci (<strong>iEDUCATION<\/strong>).<\/p>\n\n\t\t<\/div>\n\t<\/div>\n<\/div><\/div><\/div><\/div>","protected":false},"excerpt":{"rendered":"Online knihovna BOOKPORT Studenti EUROPEAN INSTITUTE maj\u00ed po celou dobu sv\u00e9ho studia zaji\u0161t\u011bn p\u0159\u00edstup ke kvalitn\u00edm informa\u010dn\u00edm zdroj\u016fm, ze kter\u00fdch mohou \u010derpat p\u0159i psan\u00ed semestr\u00e1ln\u00edch a \u00a0z\u00e1v\u011bre\u010dn\u00fdch prac\u00ed. Jako bonus ke studiu z\u00edsk\u00e1vaj\u00ed studenti bezplatn\u00fd p\u0159\u00edstup do online knihovny BOOKPORT. ...","protected":false},"author":1,"featured_media":0,"parent":0,"menu_order":0,"comment_status":"closed","ping_status":"closed","template":"","meta":{"footnotes":""},"class_list":["post-2355","page","type-page","status-publish","hentry"],"yoast_head":"<!-- This site is optimized with the Yoast SEO plugin v24.7 - https:\/\/yoast.com\/wordpress\/plugins\/seo\/ -->\n<title>Online knihovna - EUROPEAN INSTITUTE<\/title>\n<meta name=\"robots\" content=\"index, follow, max-snippet:-1, max-image-preview:large, max-video-preview:-1\" \/>\n<link rel=\"canonical\" href=\"https:\/\/www.european-institute.cz\/en\/bookport\/\" \/>\n<meta property=\"og:locale\" content=\"en_GB\" \/>\n<meta property=\"og:type\" content=\"article\" \/>\n<meta property=\"og:title\" content=\"Online knihovna - EUROPEAN INSTITUTE\" \/>\n<meta property=\"og:url\" content=\"https:\/\/www.european-institute.cz\/en\/bookport\/\" \/>\n<meta property=\"og:site_name\" content=\"EUROPEAN INSTITUTE\" \/>\n<meta property=\"article:modified_time\" content=\"2019-05-25T22:38:57+00:00\" \/>\n<meta name=\"twitter:card\" content=\"summary_large_image\" \/>\n<meta name=\"twitter:label1\" content=\"Estimated reading time\" \/>\n\t<meta name=\"twitter:data1\" content=\"2 minutes\" \/>\n<script type=\"application\/ld+json\" class=\"yoast-schema-graph\">{\"@context\":\"https:\/\/schema.org\",\"@graph\":[{\"@type\":\"WebPage\",\"@id\":\"https:\/\/www.european-institute.cz\/bookport\/\",\"url\":\"https:\/\/www.european-institute.cz\/bookport\/\",\"name\":\"Online knihovna - EUROPEAN INSTITUTE\",\"isPartOf\":{\"@id\":\"https:\/\/www.european-institute.cz\/#website\"},\"datePublished\":\"2019-01-23T17:01:10+00:00\",\"dateModified\":\"2019-05-25T22:38:57+00:00\",\"breadcrumb\":{\"@id\":\"https:\/\/www.european-institute.cz\/bookport\/#breadcrumb\"},\"inLanguage\":\"en-GB\",\"potentialAction\":[{\"@type\":\"ReadAction\",\"target\":[\"https:\/\/www.european-institute.cz\/bookport\/\"]}]},{\"@type\":\"BreadcrumbList\",\"@id\":\"https:\/\/www.european-institute.cz\/bookport\/#breadcrumb\",\"itemListElement\":[{\"@type\":\"ListItem\",\"position\":1,\"name\":\"Dom\u016f\",\"item\":\"https:\/\/www.european-institute.cz\/\"},{\"@type\":\"ListItem\",\"position\":2,\"name\":\"Online knihovna\"}]},{\"@type\":\"WebSite\",\"@id\":\"https:\/\/www.european-institute.cz\/#website\",\"url\":\"https:\/\/www.european-institute.cz\/\",\"name\":\"EUROPEAN INSTITUTE\",\"description\":\"\",\"potentialAction\":[{\"@type\":\"SearchAction\",\"target\":{\"@type\":\"EntryPoint\",\"urlTemplate\":\"https:\/\/www.european-institute.cz\/?s={search_term_string}\"},\"query-input\":{\"@type\":\"PropertyValueSpecification\",\"valueRequired\":true,\"valueName\":\"search_term_string\"}}],\"inLanguage\":\"en-GB\"}]}<\/script>\n<!-- \/ Yoast SEO plugin. -->","yoast_head_json":{"title":"Online knihovna - EUROPEAN INSTITUTE","robots":{"index":"index","follow":"follow","max-snippet":"max-snippet:-1","max-image-preview":"max-image-preview:large","max-video-preview":"max-video-preview:-1"},"canonical":"https:\/\/www.european-institute.cz\/en\/bookport\/","og_locale":"en_GB","og_type":"article","og_title":"Online knihovna - EUROPEAN INSTITUTE","og_url":"https:\/\/www.european-institute.cz\/en\/bookport\/","og_site_name":"EUROPEAN INSTITUTE","article_modified_time":"2019-05-25T22:38:57+00:00","twitter_card":"summary_large_image","twitter_misc":{"Estimated reading time":"2 minutes"},"schema":{"@context":"https:\/\/schema.org","@graph":[{"@type":"WebPage","@id":"https:\/\/www.european-institute.cz\/bookport\/","url":"https:\/\/www.european-institute.cz\/bookport\/","name":"Online knihovna - EUROPEAN INSTITUTE","isPartOf":{"@id":"https:\/\/www.european-institute.cz\/#website"},"datePublished":"2019-01-23T17:01:10+00:00","dateModified":"2019-05-25T22:38:57+00:00","breadcrumb":{"@id":"https:\/\/www.european-institute.cz\/bookport\/#breadcrumb"},"inLanguage":"en-GB","potentialAction":[{"@type":"ReadAction","target":["https:\/\/www.european-institute.cz\/bookport\/"]}]},{"@type":"BreadcrumbList","@id":"https:\/\/www.european-institute.cz\/bookport\/#breadcrumb","itemListElement":[{"@type":"ListItem","position":1,"name":"Dom\u016f","item":"https:\/\/www.european-institute.cz\/"},{"@type":"ListItem","position":2,"name":"Online knihovna"}]},{"@type":"WebSite","@id":"https:\/\/www.european-institute.cz\/#website","url":"https:\/\/www.european-institute.cz\/","name":"EUROPEAN INSTITUTE","description":"","potentialAction":[{"@type":"SearchAction","target":{"@type":"EntryPoint","urlTemplate":"https:\/\/www.european-institute.cz\/?s={search_term_string}"},"query-input":{"@type":"PropertyValueSpecification","valueRequired":true,"valueName":"search_term_string"}}],"inLanguage":"en-GB"}]}},"_links":{"self":[{"href":"https:\/\/www.european-institute.cz\/en\/wp-json\/wp\/v2\/pages\/2355","targetHints":{"allow":["GET"]}}],"collection":[{"href":"https:\/\/www.european-institute.cz\/en\/wp-json\/wp\/v2\/pages"}],"about":[{"href":"https:\/\/www.european-institute.cz\/en\/wp-json\/wp\/v2\/types\/page"}],"author":[{"embeddable":true,"href":"https:\/\/www.european-institute.cz\/en\/wp-json\/wp\/v2\/users\/1"}],"replies":[{"embeddable":true,"href":"https:\/\/www.european-institute.cz\/en\/wp-json\/wp\/v2\/comments?post=2355"}],"version-history":[{"count":10,"href":"https:\/\/www.european-institute.cz\/en\/wp-json\/wp\/v2\/pages\/2355\/revisions"}],"predecessor-version":[{"id":2696,"href":"https:\/\/www.european-institute.cz\/en\/wp-json\/wp\/v2\/pages\/2355\/revisions\/2696"}],"wp:attachment":[{"href":"https:\/\/www.european-institute.cz\/en\/wp-json\/wp\/v2\/media?parent=2355"}],"curies":[{"name":"wp","href":"https:\/\/api.w.org\/{rel}","templated":true}]}}