{"id":2448,"date":"2019-02-01T16:39:33","date_gmt":"2019-02-01T15:39:33","guid":{"rendered":"https:\/\/www.european-institute.cz\/?page_id=2448"},"modified":"2021-02-11T16:18:13","modified_gmt":"2021-02-11T15:18:13","slug":"proc-studovat-u-nas","status":"publish","type":"page","link":"https:\/\/www.european-institute.cz\/en\/proc-studovat-u-nas\/","title":{"rendered":"Pro\u010d studovat u n\u00e1s?"},"content":{"rendered":"<div class=\"vc_row wpb_row vc_row-fluid\"><div class=\"wpb_column vc_column_container vc_col-sm-12\"><div class=\"vc_column-inner\"><div class=\"wpb_wrapper\"><div class='mungu-element service-box default medium default' >\n                        <div class='service-icon'><a href='#'><span class='fa fa-graduation-cap'><\/span><\/a><\/div>\n                        <h3><a href='#' class='more-link title-hover'>MEZIN\u00c1RODN\u00cd CERTIFIKACE IES - LONDON<\/a><\/h3>\n                        <p>Na\u0161e vzd\u011bl\u00e1vac\u00ed instituce je certifikovan\u00e1 u mezin\u00e1rodn\u00ed certifika\u010dn\u00ed autority International Education Society \u2013 London.<br \/>\nZ\u00e1sadn\u00edm benefitem studia na EUROPEAN INSTITUTE je, \u017ee jeho \u00fasp\u011b\u0161n\u00ed absolventi obdr\u017e\u00ed k diplomu s p\u0159\u00edslu\u0161n\u00fdm profesn\u00edm titulem i mezin\u00e1rodn\u00ed certifik\u00e1t IES - London, kter\u00fd je celosv\u011btov\u011b akceptov\u00e1n. IES dosud vydala p\u0159es 55.000 mezin\u00e1rodn\u00edch certifik\u00e1t\u016f, kter\u00e9 jejich dr\u017eitel\u00e9 uplatnili nejen v evropsk\u00fdch zem\u00edch, ale i v USA, Kanad\u011b, Austr\u00e1lii \u010di v asijsk\u00fdch zem\u00edch.<\/p>\n                    <\/div><div class='mungu-element service-box default medium default' >\n                        <div class='service-icon'><a href='#'><span class='fa fa-eur'><\/span><\/a><\/div>\n                        <h3><a href='#' class='more-link title-hover'>\u00daSP\u011a\u0160N\u00c1 BUDOUCNOST<\/a><\/h3>\n                        <p>Vice jako 70% na\u0161ich absolvent\u016f uv\u00e1d\u00ed, \u017ee maj\u00ed po absolvov\u00e1n\u00ed studia MBA vy\u0161\u0161\u00ed hodnotu pro firmu, nebo \u00fa\u0159ad kde pracuj\u00ed.<br \/>\n75 % absolvent\u016f uv\u00e1d\u00ed, \u017ee se jim d\u00edky studiu MBA roz\u0161\u00ed\u0159ila s\u00ed\u0165 jejich profesn\u00edch kontakt\u016f.<br \/>\n80 % absolvent\u016f po zisku MBA titulu poci\u0165uji konkuren\u010dn\u00ed v\u00fdhodu na trhu pr\u00e1ce v\u016f\u010di lidem s pouze akademick\u00fdm V\u0160 titulem.<\/p>\n                    <\/div><div class='mungu-element service-box default medium default' >\n                        <div class='service-icon'><a href='#'><span class='fa fa-gift'><\/span><\/a><\/div>\n                        <h3><a href='#' class='more-link title-hover'>D\u00c1RKY KE STUDIU<\/a><\/h3>\n                        <p>Na\u0161\u00ed studenti z\u00edskaj\u00ed mimo vzd\u011bl\u00e1n\u00ed tak\u00e9 tablet, VIP vstupenky do divadla Semafor a budou v losov\u00e1n\u00ed o pobyt v Lond\u00fdn\u011b.<\/p>\n<p>V r\u00e1mci studia jako bonus z\u00edsk\u00e1vaj\u00ed studenti bezplatn\u00fd p\u0159\u00edstup do online knihovny BOOKPORT. V nab\u00eddce naleznou v\u00edce jak 5 200 titul\u016f, kter\u00e9 jsou v \u010desk\u00e9m jazyce a st\u00e1le p\u0159ib\u00fdvaj\u00ed dal\u0161\u00ed. Knihovna je zp\u0159\u00edstupn\u011bna student\u016fm EUROPEAN INSTITUTE, bez ohledu na obor nebo program mana\u017eersk\u00e9ho studia MBA, MPA, MPH \u010di LLM.<\/p>\n                    <\/div><div class='mungu-element service-box default medium default' >\n                        <div class='service-icon'><a href='#'><span class='fa fa-thumbs-up'><\/span><\/a><\/div>\n                        <h3><a href='#' class='more-link title-hover'>KLIENTSK\u00dd SERVIS<\/a><\/h3>\n                        <p>Poskytujeme komplexn\u00ed klientsk\u00fd servis. Ka\u017ed\u00e1 studijn\u00ed skupina m\u00e1 kapacitu minim\u00e1ln\u011b 5 a maxim\u00e1ln\u011b 12 student\u016f. Lektor tak m\u00e1 prostor v\u011bnovat se student\u016fm individu\u00e1ln\u011b s mo\u017enost\u00ed diskuze k dan\u00e9mu t\u00e9matu. Zajist\u00edme v\u00e1m nadstandardn\u00ed studijn\u00ed prost\u0159ed\u00ed, v\u010detn\u011b ob\u010derstven\u00ed b\u011bhem v\u00fduky. U n\u00e1s nejsou \u017e\u00e1dn\u00e9 dal\u0161\u00ed poplatky za n\u00e1hradn\u00ed term\u00edn zkou\u0161ky, nebo za prodlou\u017een\u00ed standardn\u00ed d\u00e9lky studia. Cena je kone\u010dn\u00e1 v\u010detn\u011b zaji\u0161t\u011bn\u00ed obhajob a slavnostn\u00edch promoc\u00ed.<\/p>\n                    <\/div><\/div><\/div><\/div><\/div>","protected":false},"excerpt":{"rendered":"MEZIN\u00c1RODN\u00cd CERTIFIKACE IES - LONDON Na\u0161e vzd\u011bl\u00e1vac\u00ed instituce je certifikovan\u00e1 u mezin\u00e1rodn\u00ed certifika\u010dn\u00ed autority International Education Society \u2013 London. Z\u00e1sadn\u00edm benefitem studia na EUROPEAN INSTITUTE je, \u017ee jeho \u00fasp\u011b\u0161n\u00ed absolventi obdr\u017e\u00ed k diplomu s p\u0159\u00edslu\u0161n\u00fdm profesn\u00edm titulem i mezin\u00e1rodn\u00ed certifik\u00e1t ...","protected":false},"author":1,"featured_media":0,"parent":0,"menu_order":0,"comment_status":"closed","ping_status":"closed","template":"","meta":{"footnotes":""},"class_list":["post-2448","page","type-page","status-publish","hentry"],"yoast_head":"<!-- This site is optimized with the Yoast SEO plugin v24.7 - https:\/\/yoast.com\/wordpress\/plugins\/seo\/ -->\n<title>Pro\u010d studovat u n\u00e1s? - EUROPEAN INSTITUTE<\/title>\n<meta name=\"robots\" content=\"index, follow, max-snippet:-1, max-image-preview:large, max-video-preview:-1\" \/>\n<link rel=\"canonical\" href=\"https:\/\/www.european-institute.cz\/en\/proc-studovat-u-nas\/\" \/>\n<meta property=\"og:locale\" content=\"en_GB\" \/>\n<meta property=\"og:type\" content=\"article\" \/>\n<meta property=\"og:title\" content=\"Pro\u010d studovat u n\u00e1s? - EUROPEAN INSTITUTE\" \/>\n<meta property=\"og:url\" content=\"https:\/\/www.european-institute.cz\/en\/proc-studovat-u-nas\/\" \/>\n<meta property=\"og:site_name\" content=\"EUROPEAN INSTITUTE\" \/>\n<meta property=\"article:modified_time\" content=\"2021-02-11T15:18:13+00:00\" \/>\n<meta name=\"twitter:card\" content=\"summary_large_image\" \/>\n<meta name=\"twitter:label1\" content=\"Estimated reading time\" \/>\n\t<meta name=\"twitter:data1\" content=\"2 minutes\" \/>\n<script type=\"application\/ld+json\" class=\"yoast-schema-graph\">{\"@context\":\"https:\/\/schema.org\",\"@graph\":[{\"@type\":\"WebPage\",\"@id\":\"https:\/\/www.european-institute.cz\/proc-studovat-u-nas\/\",\"url\":\"https:\/\/www.european-institute.cz\/proc-studovat-u-nas\/\",\"name\":\"Pro\u010d studovat u n\u00e1s? - EUROPEAN INSTITUTE\",\"isPartOf\":{\"@id\":\"https:\/\/www.european-institute.cz\/#website\"},\"datePublished\":\"2019-02-01T15:39:33+00:00\",\"dateModified\":\"2021-02-11T15:18:13+00:00\",\"breadcrumb\":{\"@id\":\"https:\/\/www.european-institute.cz\/proc-studovat-u-nas\/#breadcrumb\"},\"inLanguage\":\"en-GB\",\"potentialAction\":[{\"@type\":\"ReadAction\",\"target\":[\"https:\/\/www.european-institute.cz\/proc-studovat-u-nas\/\"]}]},{\"@type\":\"BreadcrumbList\",\"@id\":\"https:\/\/www.european-institute.cz\/proc-studovat-u-nas\/#breadcrumb\",\"itemListElement\":[{\"@type\":\"ListItem\",\"position\":1,\"name\":\"Dom\u016f\",\"item\":\"https:\/\/www.european-institute.cz\/\"},{\"@type\":\"ListItem\",\"position\":2,\"name\":\"Pro\u010d studovat u n\u00e1s?\"}]},{\"@type\":\"WebSite\",\"@id\":\"https:\/\/www.european-institute.cz\/#website\",\"url\":\"https:\/\/www.european-institute.cz\/\",\"name\":\"EUROPEAN INSTITUTE\",\"description\":\"\",\"potentialAction\":[{\"@type\":\"SearchAction\",\"target\":{\"@type\":\"EntryPoint\",\"urlTemplate\":\"https:\/\/www.european-institute.cz\/?s={search_term_string}\"},\"query-input\":{\"@type\":\"PropertyValueSpecification\",\"valueRequired\":true,\"valueName\":\"search_term_string\"}}],\"inLanguage\":\"en-GB\"}]}<\/script>\n<!-- \/ Yoast SEO plugin. -->","yoast_head_json":{"title":"Pro\u010d studovat u n\u00e1s? - EUROPEAN INSTITUTE","robots":{"index":"index","follow":"follow","max-snippet":"max-snippet:-1","max-image-preview":"max-image-preview:large","max-video-preview":"max-video-preview:-1"},"canonical":"https:\/\/www.european-institute.cz\/en\/proc-studovat-u-nas\/","og_locale":"en_GB","og_type":"article","og_title":"Pro\u010d studovat u n\u00e1s? - EUROPEAN INSTITUTE","og_url":"https:\/\/www.european-institute.cz\/en\/proc-studovat-u-nas\/","og_site_name":"EUROPEAN INSTITUTE","article_modified_time":"2021-02-11T15:18:13+00:00","twitter_card":"summary_large_image","twitter_misc":{"Estimated reading time":"2 minutes"},"schema":{"@context":"https:\/\/schema.org","@graph":[{"@type":"WebPage","@id":"https:\/\/www.european-institute.cz\/proc-studovat-u-nas\/","url":"https:\/\/www.european-institute.cz\/proc-studovat-u-nas\/","name":"Pro\u010d studovat u n\u00e1s? - EUROPEAN INSTITUTE","isPartOf":{"@id":"https:\/\/www.european-institute.cz\/#website"},"datePublished":"2019-02-01T15:39:33+00:00","dateModified":"2021-02-11T15:18:13+00:00","breadcrumb":{"@id":"https:\/\/www.european-institute.cz\/proc-studovat-u-nas\/#breadcrumb"},"inLanguage":"en-GB","potentialAction":[{"@type":"ReadAction","target":["https:\/\/www.european-institute.cz\/proc-studovat-u-nas\/"]}]},{"@type":"BreadcrumbList","@id":"https:\/\/www.european-institute.cz\/proc-studovat-u-nas\/#breadcrumb","itemListElement":[{"@type":"ListItem","position":1,"name":"Dom\u016f","item":"https:\/\/www.european-institute.cz\/"},{"@type":"ListItem","position":2,"name":"Pro\u010d studovat u n\u00e1s?"}]},{"@type":"WebSite","@id":"https:\/\/www.european-institute.cz\/#website","url":"https:\/\/www.european-institute.cz\/","name":"EUROPEAN INSTITUTE","description":"","potentialAction":[{"@type":"SearchAction","target":{"@type":"EntryPoint","urlTemplate":"https:\/\/www.european-institute.cz\/?s={search_term_string}"},"query-input":{"@type":"PropertyValueSpecification","valueRequired":true,"valueName":"search_term_string"}}],"inLanguage":"en-GB"}]}},"_links":{"self":[{"href":"https:\/\/www.european-institute.cz\/en\/wp-json\/wp\/v2\/pages\/2448","targetHints":{"allow":["GET"]}}],"collection":[{"href":"https:\/\/www.european-institute.cz\/en\/wp-json\/wp\/v2\/pages"}],"about":[{"href":"https:\/\/www.european-institute.cz\/en\/wp-json\/wp\/v2\/types\/page"}],"author":[{"embeddable":true,"href":"https:\/\/www.european-institute.cz\/en\/wp-json\/wp\/v2\/users\/1"}],"replies":[{"embeddable":true,"href":"https:\/\/www.european-institute.cz\/en\/wp-json\/wp\/v2\/comments?post=2448"}],"version-history":[{"count":8,"href":"https:\/\/www.european-institute.cz\/en\/wp-json\/wp\/v2\/pages\/2448\/revisions"}],"predecessor-version":[{"id":3374,"href":"https:\/\/www.european-institute.cz\/en\/wp-json\/wp\/v2\/pages\/2448\/revisions\/3374"}],"wp:attachment":[{"href":"https:\/\/www.european-institute.cz\/en\/wp-json\/wp\/v2\/media?parent=2448"}],"curies":[{"name":"wp","href":"https:\/\/api.w.org\/{rel}","templated":true}]}}