{"id":344,"date":"2017-03-24T12:48:42","date_gmt":"2017-03-24T12:48:42","guid":{"rendered":"http:\/\/demo.themeton.com\/medical\/?page_id=344"},"modified":"2017-03-24T12:48:42","modified_gmt":"2017-03-24T12:48:42","slug":"studium","status":"publish","type":"page","link":"https:\/\/www.european-institute.cz\/en\/studium\/","title":{"rendered":"\u0160t\u00fadium"},"content":{"rendered":"<div class=\"vc_row wpb_row vc_row-fluid\"><div class=\"wpb_column vc_column_container vc_col-sm-12\"><div class=\"vc_column-inner\"><div class=\"wpb_wrapper\"><h2 style=\"font-size: 30px;color: #161720;text-align: left\" class=\"vc_custom_heading mvb0\" >\u0160t\u00fadium na EUROPEAN INSTITUTE<\/h2><\/div><\/div><\/div><\/div><div class=\"vc_row wpb_row vc_row-fluid\"><div class=\"wpb_column vc_column_container vc_col-sm-12\"><div class=\"vc_column-inner\"><div class=\"wpb_wrapper\"><div class='uk-grid mungu-element uk-grid-medium uk-child-width-1-2@m uk-child-width-1-1@s'>\n                             <div class='uk-grid-margin'>\n                                <a href='https:\/\/www.european-institute.cz\/en\/service-item\/master-of-science\/'>\n                                    <div class='service-item-section'>\n                                        <div class='service-item' data-bg-image='https:\/\/www.european-institute.cz\/wp-content\/uploads\/2017\/06\/www.european-institute.cz-3-Promoce-Galerie-MIRO-4.7.2020-Praha-1024x552.jpg'>\n                        <div class='entry-hover'><\/div>\n                    <\/div>\n                                        <div class='entry-meta'>\n                                            <h3>Master of Science<\/h3>\n                                            <p>Master of Science (MSc.) Realizujeme kvalitn\u00ed a certifikovan\u00e9 programy: MSc. - Bezpe\u010dnostn\u00ed a krizov\u00fd management (Security and Crisis Management) \/10 m\u011bs\u00edc\u016f - 2 semestry\/ -&hellip;<\/p>\n                                        <\/div>\n                                    <\/div>\n                                <\/a>\n                            <\/div> <div class='uk-grid-margin'>\n                                <a href='https:\/\/www.european-institute.cz\/en\/service-item\/master-of-business-administration\/'>\n                                    <div class='service-item-section'>\n                                        <div class='service-item' data-bg-image='https:\/\/www.european-institute.cz\/wp-content\/uploads\/2017\/04\/www.european-institute.cz-6-Semafor-Promoce-Stanko-Stefko-Bohbot-1024x683.jpg'>\n                        <div class='entry-hover'><\/div>\n                    <\/div>\n                                        <div class='entry-meta'>\n                                            <h3>Master of Business Administration<\/h3>\n                                            <p>Master of Business Administration (MBA) &nbsp; &nbsp; &nbsp; Realizujeme kvalitn\u00ed a certifikovan\u00e9 programy: MBA - Bezpe\u010dnostn\u00ed a krizov\u00fd management (Security and Crisis Management) \/10 m\u011bs\u00edc\u016f&hellip;<\/p>\n                                        <\/div>\n                                    <\/div>\n                                <\/a>\n                            <\/div> <div class='uk-grid-margin'>\n                                <a href='https:\/\/www.european-institute.cz\/en\/service-item\/master-of-public-administration\/'>\n                                    <div class='service-item-section'>\n                                        <div class='service-item' data-bg-image='https:\/\/www.european-institute.cz\/wp-content\/uploads\/2017\/04\/1-2-684x385-1.png'>\n                        <div class='entry-hover'><\/div>\n                    <\/div>\n                                        <div class='entry-meta'>\n                                            <h3>Master of Public Administration<\/h3>\n                                            <p>Master of Public Administration (MPA) &nbsp; Realizujeme kvalitn\u00ed a certifikovan\u00e9 programy: MPA - Bezpe\u010dnostn\u00ed a krizov\u00fd management (Security and Crisis Management) \/10 m\u011bs\u00edc\u016f - 2&hellip;<\/p>\n                                        <\/div>\n                                    <\/div>\n                                <\/a>\n                            <\/div> <div class='uk-grid-margin'>\n                                <a href='https:\/\/www.european-institute.cz\/en\/service-item\/master-of-public-health\/'>\n                                    <div class='service-item-section'>\n                                        <div class='service-item' data-bg-image='https:\/\/www.european-institute.cz\/wp-content\/uploads\/2017\/04\/www.european-institute.cz-7-Semafor-Promoce-Stanko-Stefko-Bohbot-1024x683.jpg'>\n                        <div class='entry-hover'><\/div>\n                    <\/div>\n                                        <div class='entry-meta'>\n                                            <h3>Master of Public Health<\/h3>\n                                            <p>Master of Public Health (MPH) &nbsp; Realizujeme kvalitn\u00ed a certifikovan\u00e9 programy: MPH - \u0158\u00edzen\u00ed ve ve\u0159ejn\u00e9m zdravotnictv\u00ed (Management in Public Health) \/10 m\u011bs\u00edc\u016f - 2&hellip;<\/p>\n                                        <\/div>\n                                    <\/div>\n                                <\/a>\n                            <\/div> <div class='uk-grid-margin'>\n                                <a href='https:\/\/www.european-institute.cz\/en\/service-item\/legum-magister-master-of-laws\/'>\n                                    <div class='service-item-section'>\n                                        <div class='service-item' data-bg-image='https:\/\/www.european-institute.cz\/wp-content\/uploads\/2017\/04\/2-2-684x385.png'>\n                        <div class='entry-hover'><\/div>\n                    <\/div>\n                                        <div class='entry-meta'>\n                                            <h3>Master of Laws<\/h3>\n                                            <p>Master of Laws (LL.M.) Realizujeme kvalitn\u00ed a certifikovan\u00e9 programy: LL.M. - Komer\u010dn\u00ed pr\u00e1vo - (Commercial Law) \/10 m\u011bs\u00edc\u016f - 2 semestry\/ - \/10 months -&hellip;<\/p>\n                                        <\/div>\n                                    <\/div>\n                                <\/a>\n                            <\/div> <div class='uk-grid-margin'>\n                                <a href='https:\/\/www.european-institute.cz\/en\/service-item\/vysoka-skola\/'>\n                                    <div class='service-item-section'>\n                                        <div class='service-item' data-bg-image='https:\/\/www.european-institute.cz\/wp-content\/uploads\/2017\/04\/ITXS3v7QXmWjWQkmzqkdg-e1527585063886-768x1024-768x1024.jpg'>\n                        <div class='entry-hover'><\/div>\n                    <\/div>\n                                        <div class='entry-meta'>\n                                            <h3>European Institute Vysok\u00e1 \u0161kola<\/h3>\n                                            <p>European Institute Vysok\u00e1 \u0161kola P\u0159ipravujeme pro v\u00e1s programy ve form\u011b 3-let\u00e9ho (6-semestr\u00e1ln\u00edho studia), kter\u00e9 jsou vhodn\u00e9 i pro absolventy st\u0159edn\u00edch \u0161kol.<\/p>\n                                        <\/div>\n                                    <\/div>\n                                <\/a>\n                            <\/div>\n                            \n                        <\/div><\/div><\/div><\/div><\/div><div class=\"vc_row wpb_row vc_row-fluid vc_custom_1491268138667\"><div class=\"wpb_column vc_column_container vc_col-sm-12\"><div class=\"vc_column-inner\"><div class=\"wpb_wrapper\"><div class=\"mungu-element mungu-button uk-flex uk-flex-center uk-float-center\">\n            <a class=\"uk-button uk-button-default\" rel=\"nofollow\"  href=\"http:\/\/next.themeton.com\/logistics\/industries\/\"  style='background-color: #ff5e00; border: none; border-width: 0px; border-color: transparent; '><span class=\"uk-icon\"><svg width=\"40\" height=\"40\" viewbox=\"0 0 20 20\" xmlns=\"http:\/\/www.w3.org\/2000\/svg\"> <polyline fill=\"none\" stroke=\"#000\" points=\"10 5 15 9.5 10 14\"><\/polyline> <line fill=\"none\" stroke=\"#000\" x1=\"4\" y1=\"9.5\" x2=\"15\" y2=\"9.5\"><\/line><\/svg><\/span>get a qoute<\/a>\n            <\/div><\/div><\/div><\/div><\/div>","protected":false},"excerpt":{"rendered":"European Institute Vysok\u00e1 \u0161kola P\u0159ipravujeme pro v\u00e1s programy ve form\u011b 3-let\u00e9ho (6-semestr\u00e1ln\u00edho studia), kter\u00e9 jsou vhodn\u00e9 i pro absolventy st\u0159edn\u00edch \u0161kol.","protected":false},"author":1,"featured_media":0,"parent":0,"menu_order":0,"comment_status":"closed","ping_status":"closed","template":"","meta":{"footnotes":""},"class_list":["post-344","page","type-page","status-publish","hentry"],"yoast_head":"<!-- This site is optimized with the Yoast SEO plugin v24.7 - https:\/\/yoast.com\/wordpress\/plugins\/seo\/ -->\n<title>\u0160t\u00fadium - EUROPEAN INSTITUTE<\/title>\n<meta name=\"robots\" content=\"index, follow, max-snippet:-1, max-image-preview:large, max-video-preview:-1\" \/>\n<link rel=\"canonical\" href=\"https:\/\/www.european-institute.cz\/en\/studium\/\" \/>\n<meta property=\"og:locale\" content=\"en_GB\" \/>\n<meta property=\"og:type\" content=\"article\" \/>\n<meta property=\"og:title\" content=\"\u0160t\u00fadium - EUROPEAN INSTITUTE\" \/>\n<meta property=\"og:url\" content=\"https:\/\/www.european-institute.cz\/en\/studium\/\" \/>\n<meta property=\"og:site_name\" content=\"EUROPEAN INSTITUTE\" \/>\n<meta name=\"twitter:card\" content=\"summary_large_image\" \/>\n<script type=\"application\/ld+json\" class=\"yoast-schema-graph\">{\"@context\":\"https:\/\/schema.org\",\"@graph\":[{\"@type\":\"WebPage\",\"@id\":\"https:\/\/www.european-institute.cz\/studium\/\",\"url\":\"https:\/\/www.european-institute.cz\/studium\/\",\"name\":\"\u0160t\u00fadium - EUROPEAN INSTITUTE\",\"isPartOf\":{\"@id\":\"https:\/\/www.european-institute.cz\/#website\"},\"datePublished\":\"2017-03-24T12:48:42+00:00\",\"breadcrumb\":{\"@id\":\"https:\/\/www.european-institute.cz\/studium\/#breadcrumb\"},\"inLanguage\":\"en-GB\",\"potentialAction\":[{\"@type\":\"ReadAction\",\"target\":[\"https:\/\/www.european-institute.cz\/studium\/\"]}]},{\"@type\":\"BreadcrumbList\",\"@id\":\"https:\/\/www.european-institute.cz\/studium\/#breadcrumb\",\"itemListElement\":[{\"@type\":\"ListItem\",\"position\":1,\"name\":\"Dom\u016f\",\"item\":\"https:\/\/www.european-institute.cz\/\"},{\"@type\":\"ListItem\",\"position\":2,\"name\":\"\u0160t\u00fadium\"}]},{\"@type\":\"WebSite\",\"@id\":\"https:\/\/www.european-institute.cz\/#website\",\"url\":\"https:\/\/www.european-institute.cz\/\",\"name\":\"EUROPEAN INSTITUTE\",\"description\":\"\",\"potentialAction\":[{\"@type\":\"SearchAction\",\"target\":{\"@type\":\"EntryPoint\",\"urlTemplate\":\"https:\/\/www.european-institute.cz\/?s={search_term_string}\"},\"query-input\":{\"@type\":\"PropertyValueSpecification\",\"valueRequired\":true,\"valueName\":\"search_term_string\"}}],\"inLanguage\":\"en-GB\"}]}<\/script>\n<!-- \/ Yoast SEO plugin. -->","yoast_head_json":{"title":"\u0160t\u00fadium - EUROPEAN INSTITUTE","robots":{"index":"index","follow":"follow","max-snippet":"max-snippet:-1","max-image-preview":"max-image-preview:large","max-video-preview":"max-video-preview:-1"},"canonical":"https:\/\/www.european-institute.cz\/en\/studium\/","og_locale":"en_GB","og_type":"article","og_title":"\u0160t\u00fadium - EUROPEAN INSTITUTE","og_url":"https:\/\/www.european-institute.cz\/en\/studium\/","og_site_name":"EUROPEAN INSTITUTE","twitter_card":"summary_large_image","schema":{"@context":"https:\/\/schema.org","@graph":[{"@type":"WebPage","@id":"https:\/\/www.european-institute.cz\/studium\/","url":"https:\/\/www.european-institute.cz\/studium\/","name":"\u0160t\u00fadium - EUROPEAN INSTITUTE","isPartOf":{"@id":"https:\/\/www.european-institute.cz\/#website"},"datePublished":"2017-03-24T12:48:42+00:00","breadcrumb":{"@id":"https:\/\/www.european-institute.cz\/studium\/#breadcrumb"},"inLanguage":"en-GB","potentialAction":[{"@type":"ReadAction","target":["https:\/\/www.european-institute.cz\/studium\/"]}]},{"@type":"BreadcrumbList","@id":"https:\/\/www.european-institute.cz\/studium\/#breadcrumb","itemListElement":[{"@type":"ListItem","position":1,"name":"Dom\u016f","item":"https:\/\/www.european-institute.cz\/"},{"@type":"ListItem","position":2,"name":"\u0160t\u00fadium"}]},{"@type":"WebSite","@id":"https:\/\/www.european-institute.cz\/#website","url":"https:\/\/www.european-institute.cz\/","name":"EUROPEAN INSTITUTE","description":"","potentialAction":[{"@type":"SearchAction","target":{"@type":"EntryPoint","urlTemplate":"https:\/\/www.european-institute.cz\/?s={search_term_string}"},"query-input":{"@type":"PropertyValueSpecification","valueRequired":true,"valueName":"search_term_string"}}],"inLanguage":"en-GB"}]}},"_links":{"self":[{"href":"https:\/\/www.european-institute.cz\/en\/wp-json\/wp\/v2\/pages\/344","targetHints":{"allow":["GET"]}}],"collection":[{"href":"https:\/\/www.european-institute.cz\/en\/wp-json\/wp\/v2\/pages"}],"about":[{"href":"https:\/\/www.european-institute.cz\/en\/wp-json\/wp\/v2\/types\/page"}],"author":[{"embeddable":true,"href":"https:\/\/www.european-institute.cz\/en\/wp-json\/wp\/v2\/users\/1"}],"replies":[{"embeddable":true,"href":"https:\/\/www.european-institute.cz\/en\/wp-json\/wp\/v2\/comments?post=344"}],"version-history":[{"count":1,"href":"https:\/\/www.european-institute.cz\/en\/wp-json\/wp\/v2\/pages\/344\/revisions"}],"predecessor-version":[{"id":3777,"href":"https:\/\/www.european-institute.cz\/en\/wp-json\/wp\/v2\/pages\/344\/revisions\/3777"}],"wp:attachment":[{"href":"https:\/\/www.european-institute.cz\/en\/wp-json\/wp\/v2\/media?parent=344"}],"curies":[{"name":"wp","href":"https:\/\/api.w.org\/{rel}","templated":true}]}}